{"id":1411,"date":"2021-07-25T20:36:16","date_gmt":"2021-07-25T20:36:16","guid":{"rendered":"https:\/\/www.subparke.es\/?page_id=1411"},"modified":"2021-07-27T21:42:52","modified_gmt":"2021-07-27T21:42:52","slug":"andandito-pero-despacito-el-parque-te-ensena-inclusiva","status":"publish","type":"page","link":"https:\/\/www.subparke.es\/en\/educacion-ambiental\/proyectos-educacion-ambiental\/proyecto-red-natura-2000\/andandito-pero-despacito-el-parque-te-ensena-inclusiva\/","title":{"rendered":"ANDANDITO PERO DESPACITO, EL PARQUE TE ENSE\u00d1A \u201cINCLUSIVA\u201d"},"content":{"rendered":"<div id='av_section_1'  class='avia-section alternate_color avia-section-default avia-no-border-styling  avia-bg-style-scroll  avia-builder-el-0  el_before_av_section  avia-builder-el-first   container_wrap sidebar_right' style=' '  ><div class='container' ><main  role=\"main\" itemprop=\"mainContentOfPage\"  class='template-page content  av-content-small alpha units'><div class='post-entry post-entry-type-page post-entry-1411'><div class='entry-content-wrapper clearfix'>\n<div class=\"flex_column av_one_full  flex_column_div first  avia-builder-el-1  avia-builder-el-no-sibling\" style='padding:30px; border-radius:0px; '><div  style='padding-bottom:10px; color:#ffffff;' class='av-special-heading av-special-heading-h2 custom-color-heading blockquote modern-quote modern-centered  avia-builder-el-2  avia-builder-el-no-sibling'><h2 class='av-special-heading-tag'  itemprop=\"headline\"  >ANDANDITO PERO DESPACITO, EL PARQUE TE ENSE\u00d1A <span class='special_amp'>\u201c<\/span>INCLUSIVA<span class='special_amp'>\u201d<\/span><\/h2><div class='special-heading-border'><div class='special-heading-inner-border' style='border-color:#ffffff'><\/div><\/div><\/div><\/div>\n\n<\/div><\/div><\/main><!-- close content main element --><\/div><\/div><div id='av_section_2'  class='avia-section main_color avia-section-default avia-no-border-styling  avia-bg-style-scroll  avia-builder-el-3  el_after_av_section  el_before_av_section   container_wrap sidebar_right' style=' '  ><div class='container' ><div class='template-page content  av-content-small alpha units'><div class='post-entry post-entry-type-page post-entry-1411'><div class='entry-content-wrapper clearfix'>\n<div class=\"flex_column av_one_full  flex_column_div first  avia-builder-el-4  avia-builder-el-no-sibling\" style='box-shadow: 0 0 10px 0 rgba(2,2,2,0.4); padding:30px; border-radius:0px; '><div  class='avia-image-container  av-styling-    avia-builder-el-5  avia-builder-el-no-sibling  avia-align-center'  itemprop=\"image\" itemscope=\"itemscope\" itemtype=\"https:\/\/schema.org\/ImageObject\"  ><div class='avia-image-container-inner'><div class='avia-image-overlay-wrap'><img decoding=\"async\" class='wp-image-1437 avia-img-lazy-loading-not-1437 avia_image' src=\"https:\/\/www.subparke.es\/wp-content\/uploads\/2021\/07\/23JUL-728x1030.jpeg\" alt='' title='23JUL' height=\"1030\" width=\"728\"  itemprop=\"thumbnailUrl\" srcset=\"https:\/\/www.subparke.es\/wp-content\/uploads\/2021\/07\/23JUL-728x1030.jpeg 728w, https:\/\/www.subparke.es\/wp-content\/uploads\/2021\/07\/23JUL-212x300.jpeg 212w, https:\/\/www.subparke.es\/wp-content\/uploads\/2021\/07\/23JUL-768x1086.jpeg 768w, https:\/\/www.subparke.es\/wp-content\/uploads\/2021\/07\/23JUL-1086x1536.jpeg 1086w, https:\/\/www.subparke.es\/wp-content\/uploads\/2021\/07\/23JUL-1060x1500.jpeg 1060w, https:\/\/www.subparke.es\/wp-content\/uploads\/2021\/07\/23JUL-498x705.jpeg 498w, https:\/\/www.subparke.es\/wp-content\/uploads\/2021\/07\/23JUL.jpeg 1131w\" sizes=\"(max-width: 728px) 100vw, 728px\" \/><\/div><\/div><\/div><\/div>\n\n<\/div><\/div><\/div><!-- close content main div --><\/div><\/div><div id='av_section_3'  class='avia-section main_color avia-section-small avia-no-border-styling  avia-bg-style-scroll  avia-builder-el-6  el_after_av_section  el_before_av_section   container_wrap sidebar_right' style=' '  ><div class='container' ><div class='template-page content  av-content-small alpha units'><div class='post-entry post-entry-type-page post-entry-1411'><div class='entry-content-wrapper clearfix'>\n<div class='flex_column_table av-equal-height-column-flextable -flextable' ><div class=\"flex_column av_two_fifth  flex_column_table_cell av-equal-height-column av-align-middle first  avia-builder-el-7  el_before_av_three_fifth  avia-builder-el-first\" style='background: #ffffff; border-width:1px; border-style:solid; padding:25px; background-color:#ffffff; border-radius:0px; '><div  style='padding-bottom:10px; ' class='av-special-heading av-special-heading-h4  blockquote modern-quote modern-centered  avia-builder-el-8  avia-builder-el-no-sibling'><h4 class='av-special-heading-tag'  itemprop=\"headline\"  >NOMBRE DE LA ACCI\u00d3N<\/h4><div class='special-heading-border'><div class='special-heading-inner-border' ><\/div><\/div><\/div><\/div><div class='av-flex-placeholder'><\/div><div class=\"flex_column av_three_fifth  flex_column_table_cell av-equal-height-column av-align-middle   avia-builder-el-9  el_after_av_two_fifth  avia-builder-el-last\" style='background: #ffffff; border-width:1px; border-style:solid; padding:25px; background-color:#ffffff; border-radius:0px; '><section class=\"av_textblock_section\"  itemscope=\"itemscope\" itemtype=\"https:\/\/schema.org\/CreativeWork\" ><div class='avia_textblock'   itemprop=\"text\" ><p>ANDANDITO PERO DESPACITO, EL PARQUE TE ENSE\u00d1A \u201cINCLUSIVA\u201d<\/p>\n<\/div><\/section><\/div><\/div><!--close column table wrapper. Autoclose: 1 -->\n\n<\/div><\/div><\/div><!-- close content main div --><\/div><\/div><div id='av_section_4'  class='avia-section main_color avia-section-small avia-no-border-styling  avia-bg-style-scroll  avia-builder-el-11  el_after_av_section  el_before_av_section   container_wrap sidebar_right' style='background-color: #fafafa;  '  ><div class='container' ><div class='template-page content  av-content-small alpha units'><div class='post-entry post-entry-type-page post-entry-1411'><div class='entry-content-wrapper clearfix'>\n<div class='flex_column_table av-equal-height-column-flextable -flextable' ><div class=\"flex_column av_two_fifth  flex_column_table_cell av-equal-height-column av-align-middle first  avia-builder-el-12  el_before_av_three_fifth  avia-builder-el-first\" style='background: #ffffff; border-width:1px; border-style:solid; padding:25px; background-color:#ffffff; border-radius:0px; '><div  style='padding-bottom:10px; ' class='av-special-heading av-special-heading-h4  blockquote modern-quote modern-centered  avia-builder-el-13  avia-builder-el-no-sibling'><h4 class='av-special-heading-tag'  itemprop=\"headline\"  >FECHA DE REALIZACI\u00d3N<\/h4><div class='special-heading-border'><div class='special-heading-inner-border' ><\/div><\/div><\/div><\/div><div class='av-flex-placeholder'><\/div><div class=\"flex_column av_three_fifth  flex_column_table_cell av-equal-height-column av-align-middle   avia-builder-el-14  el_after_av_two_fifth  avia-builder-el-last\" style='background: #ffffff; border-width:1px; border-style:solid; padding:25px; background-color:#ffffff; border-radius:0px; '><section class=\"av_textblock_section\"  itemscope=\"itemscope\" itemtype=\"https:\/\/schema.org\/CreativeWork\" ><div class='avia_textblock'   itemprop=\"text\" ><p>23 DE JULIO<\/p>\n<\/div><\/section><\/div><\/div><!--close column table wrapper. Autoclose: 1 -->\n\n<\/div><\/div><\/div><!-- close content main div --><\/div><\/div><div id='av_section_5'  class='avia-section main_color avia-section-small avia-no-border-styling  avia-bg-style-scroll  avia-builder-el-16  el_after_av_section  el_before_av_section   container_wrap sidebar_right' style=' '  ><div class='container' ><div class='template-page content  av-content-small alpha units'><div class='post-entry post-entry-type-page post-entry-1411'><div class='entry-content-wrapper clearfix'>\n<div class='flex_column_table av-equal-height-column-flextable -flextable' ><div class=\"flex_column av_two_fifth  flex_column_table_cell av-equal-height-column av-align-middle first  avia-builder-el-17  el_before_av_three_fifth  avia-builder-el-first\" style='background: #ffffff; border-width:1px; border-style:solid; padding:25px; background-color:#ffffff; border-radius:0px; '><div  style='padding-bottom:10px; ' class='av-special-heading av-special-heading-h4  blockquote modern-quote modern-centered  avia-builder-el-18  avia-builder-el-no-sibling'><h4 class='av-special-heading-tag'  itemprop=\"headline\"  >TIPO DE ACCI\u00d3N<\/h4><div class='special-heading-border'><div class='special-heading-inner-border' ><\/div><\/div><\/div><\/div><div class='av-flex-placeholder'><\/div><div class=\"flex_column av_three_fifth  flex_column_table_cell av-equal-height-column av-align-middle   avia-builder-el-19  el_after_av_two_fifth  avia-builder-el-last\" style='background: #ffffff; border-width:1px; border-style:solid; padding:25px; background-color:#ffffff; border-radius:0px; '><section class=\"av_textblock_section\"  itemscope=\"itemscope\" itemtype=\"https:\/\/schema.org\/CreativeWork\" ><div class='avia_textblock'   itemprop=\"text\" ><p>Acciones de participaci\u00f3n y difusi\u00f3n ambiental en relaci\u00f3n con los valores ambientales, culturales y sociales del espacio natural<\/p>\n<\/div><\/section><\/div><\/div><!--close column table wrapper. Autoclose: 1 -->\n\n<\/div><\/div><\/div><!-- close content main div --><\/div><\/div><div id='av_section_6'  class='avia-section main_color avia-section-small avia-no-border-styling  avia-bg-style-scroll  avia-builder-el-21  el_after_av_section  el_before_av_section   container_wrap sidebar_right' style='background-color: #fafafa;  '  ><div class='container' ><div class='template-page content  av-content-small alpha units'><div class='post-entry post-entry-type-page post-entry-1411'><div class='entry-content-wrapper clearfix'>\n<div class='flex_column_table av-equal-height-column-flextable -flextable' ><div class=\"flex_column av_two_fifth  flex_column_table_cell av-equal-height-column av-align-middle first  avia-builder-el-22  el_before_av_three_fifth  avia-builder-el-first\" style='background: #ffffff; border-width:1px; border-style:solid; padding:25px; background-color:#ffffff; border-radius:0px; '><div  style='padding-bottom:10px; ' class='av-special-heading av-special-heading-h4  blockquote modern-quote modern-centered  avia-builder-el-23  avia-builder-el-no-sibling'><h4 class='av-special-heading-tag'  itemprop=\"headline\"  >\u00c1MBITO DE ACTUACI\u00d3N<\/h4><div class='special-heading-border'><div class='special-heading-inner-border' ><\/div><\/div><\/div><\/div><div class='av-flex-placeholder'><\/div><div class=\"flex_column av_three_fifth  flex_column_table_cell av-equal-height-column av-align-middle   avia-builder-el-24  el_after_av_two_fifth  avia-builder-el-last\" style='background: #ffffff; border-width:1px; border-style:solid; padding:25px; background-color:#ffffff; border-radius:0px; '><section class=\"av_textblock_section\"  itemscope=\"itemscope\" itemtype=\"https:\/\/schema.org\/CreativeWork\" ><div class='avia_textblock'   itemprop=\"text\" ><p>PARQUE NATURAL Y ZEC CABO DE GATA-N\u00cdJAR (ALMER\u00cdA)<\/p>\n<\/div><\/section><\/div><\/div><!--close column table wrapper. Autoclose: 1 -->\n\n<\/div><\/div><\/div><!-- close content main div --><\/div><\/div><div id='av_section_7'  class='avia-section main_color avia-section-small avia-no-border-styling  avia-bg-style-scroll  avia-builder-el-26  el_after_av_section  el_before_av_section   container_wrap sidebar_right' style=' '  ><div class='container' ><div class='template-page content  av-content-small alpha units'><div class='post-entry post-entry-type-page post-entry-1411'><div class='entry-content-wrapper clearfix'>\n<div class='flex_column_table av-equal-height-column-flextable -flextable' ><div class=\"flex_column av_two_fifth  flex_column_table_cell av-equal-height-column av-align-middle first  avia-builder-el-27  el_before_av_three_fifth  avia-builder-el-first\" style='background: #ffffff; border-width:1px; border-style:solid; padding:25px; background-color:#ffffff; border-radius:0px; '><div  style='padding-bottom:10px; ' class='av-special-heading av-special-heading-h4  blockquote modern-quote modern-centered  avia-builder-el-28  avia-builder-el-no-sibling'><h4 class='av-special-heading-tag'  itemprop=\"headline\"  >FIGURAS Y C\u00d3DIGOS DE RED NATURA 2000<\/h4><div class='special-heading-border'><div class='special-heading-inner-border' ><\/div><\/div><\/div><\/div><div class='av-flex-placeholder'><\/div><div class=\"flex_column av_three_fifth  flex_column_table_cell av-equal-height-column av-align-middle   avia-builder-el-29  el_after_av_two_fifth  avia-builder-el-last\" style='background: #ffffff; border-width:1px; border-style:solid; padding:25px; background-color:#ffffff; border-radius:0px; '><section class=\"av_textblock_section\"  itemscope=\"itemscope\" itemtype=\"https:\/\/schema.org\/CreativeWork\" ><div class='avia_textblock'   itemprop=\"text\" ><\/div><\/section><\/div><\/div><!--close column table wrapper. Autoclose: 1 -->\n\n<\/div><\/div><\/div><!-- close content main div --><\/div><\/div><div id='av_section_8'  class='avia-section main_color avia-section-small avia-no-border-styling  avia-bg-style-scroll  avia-builder-el-31  el_after_av_section  el_before_av_section   container_wrap sidebar_right' style='background-color: #fafafa;  '  ><div class='container' ><div class='template-page content  av-content-small alpha units'><div class='post-entry post-entry-type-page post-entry-1411'><div class='entry-content-wrapper clearfix'>\n<div class='flex_column_table av-equal-height-column-flextable -flextable' ><div class=\"flex_column av_two_fifth  flex_column_table_cell av-equal-height-column av-align-middle first  avia-builder-el-32  el_before_av_three_fifth  avia-builder-el-first\" style='background: #ffffff; border-width:1px; border-style:solid; padding:25px; background-color:#ffffff; border-radius:0px; '><div  style='padding-bottom:10px; ' class='av-special-heading av-special-heading-h4  blockquote modern-quote modern-centered  avia-builder-el-33  avia-builder-el-no-sibling'><h4 class='av-special-heading-tag'  itemprop=\"headline\"  >LOCALIDAD, PARAJE<\/h4><div class='special-heading-border'><div class='special-heading-inner-border' ><\/div><\/div><\/div><\/div><div class='av-flex-placeholder'><\/div><div class=\"flex_column av_three_fifth  flex_column_table_cell av-equal-height-column av-align-middle   avia-builder-el-34  el_after_av_two_fifth  avia-builder-el-last\" style='background: #ffffff; border-width:1px; border-style:solid; padding:25px; background-color:#ffffff; border-radius:0px; '><section class=\"av_textblock_section\"  itemscope=\"itemscope\" itemtype=\"https:\/\/schema.org\/CreativeWork\" ><div class='avia_textblock'   itemprop=\"text\" ><p>C.V Las Amoladeras y Sendero Uso P\u00fablico Amoladeras<\/p>\n<\/div><\/section><\/div><\/div><!--close column table wrapper. Autoclose: 1 -->\n\n<\/div><\/div><\/div><!-- close content main div --><\/div><\/div><div id='av_section_9'  class='avia-section main_color avia-section-small avia-no-border-styling  avia-bg-style-scroll  avia-builder-el-36  el_after_av_section  el_before_av_section   container_wrap sidebar_right' style=' '  ><div class='container' ><div class='template-page content  av-content-small alpha units'><div class='post-entry post-entry-type-page post-entry-1411'><div class='entry-content-wrapper clearfix'>\n<div class='flex_column_table av-equal-height-column-flextable -flextable' ><div class=\"flex_column av_two_fifth  flex_column_table_cell av-equal-height-column av-align-middle first  avia-builder-el-37  el_before_av_three_fifth  avia-builder-el-first\" style='background: #ffffff; border-width:1px; border-style:solid; padding:25px; background-color:#ffffff; border-radius:0px; '><div  style='padding-bottom:10px; ' class='av-special-heading av-special-heading-h4  blockquote modern-quote modern-centered  avia-builder-el-38  avia-builder-el-no-sibling'><h4 class='av-special-heading-tag'  itemprop=\"headline\"  >OBJETIVOS ESPEC\u00cdFICOS<\/h4><div class='special-heading-border'><div class='special-heading-inner-border' ><\/div><\/div><\/div><\/div><div class='av-flex-placeholder'><\/div><div class=\"flex_column av_three_fifth  flex_column_table_cell av-equal-height-column av-align-middle   avia-builder-el-39  el_after_av_two_fifth  avia-builder-el-last\" style='background: #ffffff; border-width:1px; border-style:solid; padding:25px; background-color:#ffffff; border-radius:0px; '><section class=\"av_textblock_section\"  itemscope=\"itemscope\" itemtype=\"https:\/\/schema.org\/CreativeWork\" ><div class='avia_textblock'   itemprop=\"text\" ><ul>\n<li>Poner en valor el Programa Red Natura 2000<\/li>\n<li>Acercar las rutas por la naturaleza a todos los colectivos con necesidades especiales<\/li>\n<li>Conocer el Parque Natural de Cabo de Gata-N\u00edjar<\/li>\n<li>Conocer los h\u00e1bitats y ecosistemas caracter\u00edsticos que colonizan el Parque Natural<\/li>\n<li>Concienciar en la conservaci\u00f3n del Parque Natural<\/li>\n<\/ul>\n<\/div><\/section><\/div><\/div><!--close column table wrapper. Autoclose: 1 -->\n\n<\/div><\/div><\/div><!-- close content main div --><\/div><\/div><div id='av_section_10'  class='avia-section main_color avia-section-small avia-no-border-styling  avia-bg-style-scroll  avia-builder-el-41  el_after_av_section  el_before_av_section   container_wrap sidebar_right' style='background-color: #fafafa;  '  ><div class='container' ><div class='template-page content  av-content-small alpha units'><div class='post-entry post-entry-type-page post-entry-1411'><div class='entry-content-wrapper clearfix'>\n<div class='flex_column_table av-equal-height-column-flextable -flextable' ><div class=\"flex_column av_two_fifth  flex_column_table_cell av-equal-height-column av-align-middle first  avia-builder-el-42  el_before_av_three_fifth  avia-builder-el-first\" style='background: #ffffff; border-width:1px; border-style:solid; padding:25px; background-color:#ffffff; border-radius:0px; '><div  style='padding-bottom:10px; ' class='av-special-heading av-special-heading-h4  blockquote modern-quote modern-centered  avia-builder-el-43  avia-builder-el-no-sibling'><h4 class='av-special-heading-tag'  itemprop=\"headline\"  >BREVE DESCRIPCI\u00d3N<\/h4><div class='special-heading-border'><div class='special-heading-inner-border' ><\/div><\/div><\/div><\/div><div class='av-flex-placeholder'><\/div><div class=\"flex_column av_three_fifth  flex_column_table_cell av-equal-height-column av-align-middle   avia-builder-el-44  el_after_av_two_fifth  avia-builder-el-last\" style='background: #ffffff; border-width:1px; border-style:solid; padding:25px; background-color:#ffffff; border-radius:0px; '><section class=\"av_textblock_section\"  itemscope=\"itemscope\" itemtype=\"https:\/\/schema.org\/CreativeWork\" ><div class='avia_textblock'   itemprop=\"text\" ><p style=\"text-align: justify;\">Explicaci\u00f3n en la sala del Centro de Visitantes de las Amoladeras la din\u00e1mica que se seguir\u00e1 para hacer accesible el sendero de uso p\u00fablico del P.N. de Cabo de Gata-Nijar, Sendero Las Amoladeras.<\/p>\n<p style=\"text-align: justify;\">Una vez finalizada la explicaci\u00f3n, se har\u00e1 una visita guiada al equipamiento y sus exposiciones y al finalizar adaptaremos el sendero de uso p\u00fablico de Las Amoladeras a colectivos de diversidad funcional, haci\u00e9ndolo accesible, en funci\u00f3n de las necesidades presentadas por los mismos.<\/p>\n<\/div><\/section><\/div><\/div><!--close column table wrapper. Autoclose: 1 -->\n\n<\/div><\/div><\/div><!-- close content main div --><\/div><\/div><div id='av_section_11'  class='avia-section main_color avia-section-small avia-no-border-styling  avia-bg-style-scroll  avia-builder-el-46  el_after_av_section  el_before_av_one_full   container_wrap sidebar_right' style=' '  ><div class='container' ><div class='template-page content  av-content-small alpha units'><div class='post-entry post-entry-type-page post-entry-1411'><div class='entry-content-wrapper clearfix'>\n<div class='flex_column_table av-equal-height-column-flextable -flextable' ><div class=\"flex_column av_two_fifth  flex_column_table_cell av-equal-height-column av-align-middle first  avia-builder-el-47  el_before_av_three_fifth  avia-builder-el-first\" style='background: #ffffff; border-width:1px; border-style:solid; padding:25px; background-color:#ffffff; border-radius:0px; '><div  style='padding-bottom:10px; ' class='av-special-heading av-special-heading-h4  blockquote modern-quote modern-centered  avia-builder-el-48  avia-builder-el-no-sibling'><h4 class='av-special-heading-tag'  itemprop=\"headline\"  >P\u00daBLICO OBJETIVO<\/h4><div class='special-heading-border'><div class='special-heading-inner-border' ><\/div><\/div><\/div><\/div><div class='av-flex-placeholder'><\/div><div class=\"flex_column av_three_fifth  flex_column_table_cell av-equal-height-column av-align-middle   avia-builder-el-49  el_after_av_two_fifth  avia-builder-el-last\" style='background: #ffffff; border-width:1px; border-style:solid; padding:25px; background-color:#ffffff; border-radius:0px; '><section class=\"av_textblock_section\"  itemscope=\"itemscope\" itemtype=\"https:\/\/schema.org\/CreativeWork\" ><div class='avia_textblock'   itemprop=\"text\" ><p>Colectivos con necesidades especiales, 30 participantes<\/p>\n<\/div><\/section><\/div><\/div><!--close column table wrapper. Autoclose: 1 -->\n<\/div><\/div><\/div><!-- close content main div --><\/div><\/div><div id='after_section_11'  class='main_color av_default_container_wrap container_wrap sidebar_right' style=' '  ><div class='container' ><div class='template-page content  av-content-small alpha units'><div class='post-entry post-entry-type-page post-entry-1411'><div class='entry-content-wrapper clearfix'>\n<div class=\"flex_column av_one_full  flex_column_div av-zero-column-padding first  avia-builder-el-51  el_after_av_section  el_before_av_one_full  avia-builder-el-first\" style='border-radius:0px; '><div  class='avia-buttonrow-wrap avia-buttonrow-center   avia-builder-el-52  avia-builder-el-no-sibling'>\n<a href='https:\/\/forms.gle\/WJbi39dcQznkWJcw6' class='avia-button  avia-color-theme-color  avia-icon_select-yes-left-icon avia-size-x-large' target=\"_blank\" rel=\"noopener noreferrer\" style='margin-bottom:5px; margin-left:3px; margin-right:3px; '><span class='avia_button_icon avia_button_icon_left' aria-hidden='true' data-av_icon='\ue822' data-av_iconfont='entypo-fontello'><\/span><span class='avia_iconbox_title' >FORMULARIO DE INSCRIPCI\u00d3N<\/span><\/a>\n<a href='https:\/\/forms.gle\/56TPNhsQQk17sfPLA' class='avia-button  avia-color-theme-color  avia-icon_select-yes-left-icon avia-size-x-large' target=\"_blank\" rel=\"noopener noreferrer\" style='margin-bottom:5px; margin-left:3px; margin-right:3px; '><span class='avia_button_icon avia_button_icon_left' aria-hidden='true' data-av_icon='\ue822' data-av_iconfont='entypo-fontello'><\/span><span class='avia_iconbox_title' >CUESTIONARIO DE EVALUACI\u00d3N<\/span><\/a>\n<\/div><\/div><div class=\"flex_column av_one_full  flex_column_div av-zero-column-padding first  avia-builder-el-53  el_after_av_one_full  avia-builder-el-last  column-top-margin\" style='border-radius:0px; '><div  class='avia-button-wrap avia-button-center  avia-builder-el-54  avia-builder-el-no-sibling' ><a href='https:\/\/www.subparke.es\/en\/educacion-ambiental\/proyectos-educacion-ambiental\/proyecto-red-natura-2000\/'  class='avia-button av-icon-on-hover avia-color-theme-color   avia-icon_select-yes-left-icon avia-size-x-large avia-position-center'   ><span class='avia_button_icon avia_button_icon_left' aria-hidden='true' data-av_icon='\ue88f' data-av_iconfont='entypo-fontello'><\/span><span class='avia_iconbox_title' >VOLVER AL CRONOGRAMA DE PROYECTOS<\/span><\/a><\/div><\/div><\/p>","protected":false},"excerpt":{"rendered":"","protected":false},"author":2,"featured_media":0,"parent":1460,"menu_order":0,"comment_status":"closed","ping_status":"closed","template":"","meta":{"_joinchat":[],"footnotes":""},"class_list":["post-1411","page","type-page","status-publish","hentry"],"_links":{"self":[{"href":"https:\/\/www.subparke.es\/en\/wp-json\/wp\/v2\/pages\/1411","targetHints":{"allow":["GET"]}}],"collection":[{"href":"https:\/\/www.subparke.es\/en\/wp-json\/wp\/v2\/pages"}],"about":[{"href":"https:\/\/www.subparke.es\/en\/wp-json\/wp\/v2\/types\/page"}],"author":[{"embeddable":true,"href":"https:\/\/www.subparke.es\/en\/wp-json\/wp\/v2\/users\/2"}],"replies":[{"embeddable":true,"href":"https:\/\/www.subparke.es\/en\/wp-json\/wp\/v2\/comments?post=1411"}],"version-history":[{"count":5,"href":"https:\/\/www.subparke.es\/en\/wp-json\/wp\/v2\/pages\/1411\/revisions"}],"predecessor-version":[{"id":1494,"href":"https:\/\/www.subparke.es\/en\/wp-json\/wp\/v2\/pages\/1411\/revisions\/1494"}],"up":[{"embeddable":true,"href":"https:\/\/www.subparke.es\/en\/wp-json\/wp\/v2\/pages\/1460"}],"wp:attachment":[{"href":"https:\/\/www.subparke.es\/en\/wp-json\/wp\/v2\/media?parent=1411"}],"curies":[{"name":"wp","href":"https:\/\/api.w.org\/{rel}","templated":true}]}}