{"id":1638,"date":"2021-11-14T19:04:03","date_gmt":"2021-11-14T19:04:03","guid":{"rendered":"https:\/\/www.subparke.es\/?page_id=1638"},"modified":"2021-11-14T20:07:20","modified_gmt":"2021-11-14T20:07:20","slug":"ruta-de-los-cortijos-del-fraile-montano-y-el-hornillo","status":"publish","type":"page","link":"https:\/\/www.subparke.es\/en\/educacion-ambiental\/proyectos-educacion-ambiental\/proyecto-red-natura-2000\/ruta-de-los-cortijos-del-fraile-montano-y-el-hornillo\/","title":{"rendered":"RUTA DE LOS CORTIJOS: DEL FRAILE, MONTANO Y EL HORNILLO"},"content":{"rendered":"<div id='av_section_1'  class='avia-section alternate_color avia-section-default avia-no-border-styling  avia-bg-style-scroll  avia-builder-el-0  el_before_av_section  avia-builder-el-first   container_wrap sidebar_right' style=' '  ><div class='container' ><main  role=\"main\" itemprop=\"mainContentOfPage\"  class='template-page content  av-content-small alpha units'><div class='post-entry post-entry-type-page post-entry-1638'><div class='entry-content-wrapper clearfix'>\n<div class=\"flex_column av_one_full  flex_column_div first  avia-builder-el-1  avia-builder-el-no-sibling\" style='padding:30px; border-radius:0px; '><div  style='padding-bottom:10px; color:#ffffff;' class='av-special-heading av-special-heading-h2 custom-color-heading blockquote modern-quote modern-centered  avia-builder-el-2  avia-builder-el-no-sibling'><h2 class='av-special-heading-tag'  itemprop=\"headline\"  >RUTA DE LOS CORTIJOS: DEL FRAILE, MONTANO Y EL HORNILLO<\/h2><div class='special-heading-border'><div class='special-heading-inner-border' style='border-color:#ffffff'><\/div><\/div><\/div><\/div><\/div><\/div><\/main><!-- close content main element --><\/div><\/div><div id='av_section_2'  class='avia-section main_color avia-section-small avia-no-border-styling  avia-bg-style-scroll  avia-builder-el-3  el_after_av_section  el_before_av_section   container_wrap sidebar_right' style=' '  ><div class='container' ><div class='template-page content  av-content-small alpha units'><div class='post-entry post-entry-type-page post-entry-1638'><div class='entry-content-wrapper clearfix'>\n<div class='flex_column_table av-equal-height-column-flextable -flextable' ><div class=\"flex_column av_two_fifth  flex_column_table_cell av-equal-height-column av-align-middle first  avia-builder-el-4  el_before_av_three_fifth  avia-builder-el-first\" style='background: #ffffff; border-width:1px; border-style:solid; padding:25px; background-color:#ffffff; border-radius:0px; '><div  style='padding-bottom:10px; ' class='av-special-heading av-special-heading-h4  blockquote modern-quote modern-centered  avia-builder-el-5  avia-builder-el-no-sibling'><h4 class='av-special-heading-tag'  itemprop=\"headline\"  >NOMBRE DE LA ACCI\u00d3N<\/h4><div class='special-heading-border'><div class='special-heading-inner-border' ><\/div><\/div><\/div><\/div><div class='av-flex-placeholder'><\/div><div class=\"flex_column av_three_fifth  flex_column_table_cell av-equal-height-column av-align-middle   avia-builder-el-6  el_after_av_two_fifth  avia-builder-el-last\" style='background: #ffffff; border-width:1px; border-style:solid; padding:25px; background-color:#ffffff; border-radius:0px; '><section class=\"av_textblock_section\"  itemscope=\"itemscope\" itemtype=\"https:\/\/schema.org\/CreativeWork\" ><div class='avia_textblock'   itemprop=\"text\" ><p>RUTA DE LOS CORTIJOS: DEL FRAILE, MONTANO Y EL HORNILLO<\/p>\n<\/div><\/section><\/div><\/div><!--close column table wrapper. Autoclose: 1 --><\/div><\/div><\/div><!-- close content main div --><\/div><\/div><div id='av_section_3'  class='avia-section main_color avia-section-small avia-no-border-styling  avia-bg-style-scroll  avia-builder-el-8  el_after_av_section  el_before_av_section   container_wrap sidebar_right' style='background-color: #fafafa;  '  ><div class='container' ><div class='template-page content  av-content-small alpha units'><div class='post-entry post-entry-type-page post-entry-1638'><div class='entry-content-wrapper clearfix'>\n<div class='flex_column_table av-equal-height-column-flextable -flextable' ><div class=\"flex_column av_two_fifth  flex_column_table_cell av-equal-height-column av-align-middle first  avia-builder-el-9  el_before_av_three_fifth  avia-builder-el-first\" style='background: #ffffff; border-width:1px; border-style:solid; padding:25px; background-color:#ffffff; border-radius:0px; '><div  style='padding-bottom:10px; ' class='av-special-heading av-special-heading-h4  blockquote modern-quote modern-centered  avia-builder-el-10  avia-builder-el-no-sibling'><h4 class='av-special-heading-tag'  itemprop=\"headline\"  >FECHA DE REALIZACI\u00d3N<\/h4><div class='special-heading-border'><div class='special-heading-inner-border' ><\/div><\/div><\/div><\/div><div class='av-flex-placeholder'><\/div><div class=\"flex_column av_three_fifth  flex_column_table_cell av-equal-height-column av-align-middle   avia-builder-el-11  el_after_av_two_fifth  avia-builder-el-last\" style='background: #ffffff; border-width:1px; border-style:solid; padding:25px; background-color:#ffffff; border-radius:0px; '><section class=\"av_textblock_section\"  itemscope=\"itemscope\" itemtype=\"https:\/\/schema.org\/CreativeWork\" ><div class='avia_textblock'   itemprop=\"text\" ><p>25 DE SEPTIEMBRE, 2022<\/p>\n<\/div><\/section><\/div><\/div><!--close column table wrapper. Autoclose: 1 --><\/div><\/div><\/div><!-- close content main div --><\/div><\/div><div id='av_section_4'  class='avia-section main_color avia-section-small avia-no-border-styling  avia-bg-style-scroll  avia-builder-el-13  el_after_av_section  el_before_av_section   container_wrap sidebar_right' style=' '  ><div class='container' ><div class='template-page content  av-content-small alpha units'><div class='post-entry post-entry-type-page post-entry-1638'><div class='entry-content-wrapper clearfix'>\n<div class='flex_column_table av-equal-height-column-flextable -flextable' ><div class=\"flex_column av_two_fifth  flex_column_table_cell av-equal-height-column av-align-middle first  avia-builder-el-14  el_before_av_three_fifth  avia-builder-el-first\" style='background: #ffffff; border-width:1px; border-style:solid; padding:25px; background-color:#ffffff; border-radius:0px; '><div  style='padding-bottom:10px; ' class='av-special-heading av-special-heading-h4  blockquote modern-quote modern-centered  avia-builder-el-15  avia-builder-el-no-sibling'><h4 class='av-special-heading-tag'  itemprop=\"headline\"  >TIPO DE ACCI\u00d3N<\/h4><div class='special-heading-border'><div class='special-heading-inner-border' ><\/div><\/div><\/div><\/div><div class='av-flex-placeholder'><\/div><div class=\"flex_column av_three_fifth  flex_column_table_cell av-equal-height-column av-align-middle   avia-builder-el-16  el_after_av_two_fifth  avia-builder-el-last\" style='background: #ffffff; border-width:1px; border-style:solid; padding:25px; background-color:#ffffff; border-radius:0px; '><section class=\"av_textblock_section\"  itemscope=\"itemscope\" itemtype=\"https:\/\/schema.org\/CreativeWork\" ><div class='avia_textblock'   itemprop=\"text\" ><p>Acciones de participaci\u00f3n y difusi\u00f3n ambiental en relaci\u00f3n con los valores ambientales, culturales y sociales del espacio natural.<\/p>\n<\/div><\/section><\/div><\/div><!--close column table wrapper. Autoclose: 1 --><\/div><\/div><\/div><!-- close content main div --><\/div><\/div><div id='av_section_5'  class='avia-section main_color avia-section-small avia-no-border-styling  avia-bg-style-scroll  avia-builder-el-18  el_after_av_section  el_before_av_section   container_wrap sidebar_right' style='background-color: #fafafa;  '  ><div class='container' ><div class='template-page content  av-content-small alpha units'><div class='post-entry post-entry-type-page post-entry-1638'><div class='entry-content-wrapper clearfix'>\n<div class='flex_column_table av-equal-height-column-flextable -flextable' ><div class=\"flex_column av_two_fifth  flex_column_table_cell av-equal-height-column av-align-middle first  avia-builder-el-19  el_before_av_three_fifth  avia-builder-el-first\" style='background: #ffffff; border-width:1px; border-style:solid; padding:25px; background-color:#ffffff; border-radius:0px; '><div  style='padding-bottom:10px; ' class='av-special-heading av-special-heading-h4  blockquote modern-quote modern-centered  avia-builder-el-20  avia-builder-el-no-sibling'><h4 class='av-special-heading-tag'  itemprop=\"headline\"  >\u00c1MBITO DE ACTUACI\u00d3N<\/h4><div class='special-heading-border'><div class='special-heading-inner-border' ><\/div><\/div><\/div><\/div><div class='av-flex-placeholder'><\/div><div class=\"flex_column av_three_fifth  flex_column_table_cell av-equal-height-column av-align-middle   avia-builder-el-21  el_after_av_two_fifth  avia-builder-el-last\" style='background: #ffffff; border-width:1px; border-style:solid; padding:25px; background-color:#ffffff; border-radius:0px; '><section class=\"av_textblock_section\"  itemscope=\"itemscope\" itemtype=\"https:\/\/schema.org\/CreativeWork\" ><div class='avia_textblock'   itemprop=\"text\" ><p>PARQUE NATURAL Y ZEC CABO DE GATA-N\u00cdJAR<\/p>\n<\/div><\/section><\/div><\/div><!--close column table wrapper. Autoclose: 1 --><\/div><\/div><\/div><!-- close content main div --><\/div><\/div><div id='av_section_6'  class='avia-section main_color avia-section-small avia-no-border-styling  avia-bg-style-scroll  avia-builder-el-23  el_after_av_section  el_before_av_section   container_wrap sidebar_right' style=' '  ><div class='container' ><div class='template-page content  av-content-small alpha units'><div class='post-entry post-entry-type-page post-entry-1638'><div class='entry-content-wrapper clearfix'>\n<div class='flex_column_table av-equal-height-column-flextable -flextable' ><div class=\"flex_column av_two_fifth  flex_column_table_cell av-equal-height-column av-align-middle first  avia-builder-el-24  el_before_av_three_fifth  avia-builder-el-first\" style='background: #ffffff; border-width:1px; border-style:solid; padding:25px; background-color:#ffffff; border-radius:0px; '><div  style='padding-bottom:10px; ' class='av-special-heading av-special-heading-h4  blockquote modern-quote modern-centered  avia-builder-el-25  avia-builder-el-no-sibling'><h4 class='av-special-heading-tag'  itemprop=\"headline\"  >FIGURAS Y C\u00d3DIGOS DE RED NATURA 2000<\/h4><div class='special-heading-border'><div class='special-heading-inner-border' ><\/div><\/div><\/div><\/div><div class='av-flex-placeholder'><\/div><div class=\"flex_column av_three_fifth  flex_column_table_cell av-equal-height-column av-align-middle   avia-builder-el-26  el_after_av_two_fifth  avia-builder-el-last\" style='background: #ffffff; border-width:1px; border-style:solid; padding:25px; background-color:#ffffff; border-radius:0px; '><section class=\"av_textblock_section\"  itemscope=\"itemscope\" itemtype=\"https:\/\/schema.org\/CreativeWork\" ><div class='avia_textblock'   itemprop=\"text\" ><p>ZEPA Y ZEC E6000046<\/p>\n<\/div><\/section><\/div><\/div><!--close column table wrapper. Autoclose: 1 -->\n<\/p>\n<\/div><\/div><\/div><!-- close content main div --><\/div><\/div><div id='av_section_7'  class='avia-section main_color avia-section-small avia-no-border-styling  avia-bg-style-scroll  avia-builder-el-28  el_after_av_section  el_before_av_section   container_wrap sidebar_right' style='background-color: #fafafa;  '  ><div class='container' ><div class='template-page content  av-content-small alpha units'><div class='post-entry post-entry-type-page post-entry-1638'><div class='entry-content-wrapper clearfix'>\n<div class='flex_column_table av-equal-height-column-flextable -flextable' ><div class=\"flex_column av_two_fifth  flex_column_table_cell av-equal-height-column av-align-middle first  avia-builder-el-29  el_before_av_three_fifth  avia-builder-el-first\" style='background: #ffffff; border-width:1px; border-style:solid; padding:25px; background-color:#ffffff; border-radius:0px; '><div  style='padding-bottom:10px; ' class='av-special-heading av-special-heading-h4  blockquote modern-quote modern-centered  avia-builder-el-30  avia-builder-el-no-sibling'><h4 class='av-special-heading-tag'  itemprop=\"headline\"  >LOCALIDAD, PARAJE<\/h4><div class='special-heading-border'><div class='special-heading-inner-border' ><\/div><\/div><\/div><\/div><div class='av-flex-placeholder'><\/div><div class=\"flex_column av_three_fifth  flex_column_table_cell av-equal-height-column av-align-middle   avia-builder-el-31  el_after_av_two_fifth  avia-builder-el-last\" style='background: #ffffff; border-width:1px; border-style:solid; padding:25px; background-color:#ffffff; border-radius:0px; '><section class=\"av_textblock_section\"  itemscope=\"itemscope\" itemtype=\"https:\/\/schema.org\/CreativeWork\" ><div class='avia_textblock'   itemprop=\"text\" ><p>C.V. Las Amoladeras, Sendero Uso P\u00fablico Fraile-Montano-Hornillo (ALMER\u00cdA-NIJAR)<\/p>\n<\/div><\/section><\/div><\/div><!--close column table wrapper. Autoclose: 1 --><\/div><\/div><\/div><!-- close content main div --><\/div><\/div><div id='av_section_8'  class='avia-section main_color avia-section-small avia-no-border-styling  avia-bg-style-scroll  avia-builder-el-33  el_after_av_section  el_before_av_section   container_wrap sidebar_right' style=' '  ><div class='container' ><div class='template-page content  av-content-small alpha units'><div class='post-entry post-entry-type-page post-entry-1638'><div class='entry-content-wrapper clearfix'>\n<div class='flex_column_table av-equal-height-column-flextable -flextable' ><div class=\"flex_column av_two_fifth  flex_column_table_cell av-equal-height-column av-align-middle first  avia-builder-el-34  el_before_av_three_fifth  avia-builder-el-first\" style='background: #ffffff; border-width:1px; border-style:solid; padding:25px; background-color:#ffffff; border-radius:0px; '><div  style='padding-bottom:10px; ' class='av-special-heading av-special-heading-h4  blockquote modern-quote modern-centered  avia-builder-el-35  avia-builder-el-no-sibling'><h4 class='av-special-heading-tag'  itemprop=\"headline\"  >OBJETIVOS ESPEC\u00cdFICOS<\/h4><div class='special-heading-border'><div class='special-heading-inner-border' ><\/div><\/div><\/div><\/div><div class='av-flex-placeholder'><\/div><div class=\"flex_column av_three_fifth  flex_column_table_cell av-equal-height-column av-align-middle   avia-builder-el-36  el_after_av_two_fifth  avia-builder-el-last\" style='background: #ffffff; border-width:1px; border-style:solid; padding:25px; background-color:#ffffff; border-radius:0px; '><section class=\"av_textblock_section\"  itemscope=\"itemscope\" itemtype=\"https:\/\/schema.org\/CreativeWork\" ><div class='avia_textblock'   itemprop=\"text\" ><ul>\n<li>Poner en valor el Programa Red Natura 2000<\/li>\n<li>Poner en valor los recursos etnogr\u00e1ficos y culturales del territorio<\/li>\n<li>Identificar y conocer la relaci\u00f3n entre la poblaci\u00f3n y el territorio a trav\u00e9s de los cortijos rurales<\/li>\n<li>Conocer las caracter\u00edsticas del ecosistema agrario semi\u00e1rido que identifica parte del paisaje del Parque Natural<\/li>\n<li>Conocer las labores tradicionales como factor fundamental en la conservaci\u00f3n y mantenimiento del suelo<\/li>\n<li>Identificar los efectos adversos generados debido al abandono de los terrenos y al cambio global<\/li>\n<li>Divulgar y fomentar las labores agr\u00edcolas tradicionales dentro del espacio protegido como un valor a\u00f1adido reconocible<\/li>\n<\/ul>\n<\/div><\/section><\/div><\/div><!--close column table wrapper. Autoclose: 1 --><\/div><\/div><\/div><!-- close content main div --><\/div><\/div><div id='av_section_9'  class='avia-section main_color avia-section-small avia-no-border-styling  avia-bg-style-scroll  avia-builder-el-38  el_after_av_section  el_before_av_section   container_wrap sidebar_right' style='background-color: #fafafa;  '  ><div class='container' ><div class='template-page content  av-content-small alpha units'><div class='post-entry post-entry-type-page post-entry-1638'><div class='entry-content-wrapper clearfix'>\n<div class='flex_column_table av-equal-height-column-flextable -flextable' ><div class=\"flex_column av_two_fifth  flex_column_table_cell av-equal-height-column av-align-middle first  avia-builder-el-39  el_before_av_three_fifth  avia-builder-el-first\" style='background: #ffffff; border-width:1px; border-style:solid; padding:25px; background-color:#ffffff; border-radius:0px; '><div  style='padding-bottom:10px; ' class='av-special-heading av-special-heading-h4  blockquote modern-quote modern-centered  avia-builder-el-40  avia-builder-el-no-sibling'><h4 class='av-special-heading-tag'  itemprop=\"headline\"  >BREVE DESCRIPCI\u00d3N<\/h4><div class='special-heading-border'><div class='special-heading-inner-border' ><\/div><\/div><\/div><\/div><div class='av-flex-placeholder'><\/div><div class=\"flex_column av_three_fifth  flex_column_table_cell av-equal-height-column av-align-middle   avia-builder-el-41  el_after_av_two_fifth  avia-builder-el-last\" style='background: #ffffff; border-width:1px; border-style:solid; padding:25px; background-color:#ffffff; border-radius:0px; '><section class=\"av_textblock_section\"  itemscope=\"itemscope\" itemtype=\"https:\/\/schema.org\/CreativeWork\" ><div class='avia_textblock'   itemprop=\"text\" ><p style=\"text-align: justify;\">Explicaci\u00f3n en la sala del Centro de Visitantes de las Amoladeras de la situaci\u00f3n actual del patrimonio cultural del P.N. de Cabo de Gata-Nijar.<\/p>\n<p style=\"text-align: justify;\">La segunda parte de la jornada nos desplazaremos a la zona del Valle del Fraile, donde se inicia el Sendero del Cortijo del Fraile-Montano-Hornillo.<\/p>\n<p style=\"text-align: justify;\">Este sendero pone de manifiesto que el parque natural est\u00e1 salpicado de construcciones y estructuras que muestran la evoluci\u00f3n de las sociedades humanas que han poblado la zona a lo largo de la historia, vi\u00e9ndose en la necesidad de adaptar los diferentes elementos a la particularidad de esta zona \u00e1rida, obteni\u00e9ndose un interesante testimonio antropol\u00f3gico basado en tecnolog\u00edas populares propias.<\/p>\n<\/div><\/section><\/div><\/div><!--close column table wrapper. Autoclose: 1 --><\/div><\/div><\/div><!-- close content main div --><\/div><\/div><div id='av_section_10'  class='avia-section main_color avia-section-small avia-no-border-styling  avia-bg-style-scroll  avia-builder-el-43  el_after_av_section  el_before_av_one_full   container_wrap sidebar_right' style=' '  ><div class='container' ><div class='template-page content  av-content-small alpha units'><div class='post-entry post-entry-type-page post-entry-1638'><div class='entry-content-wrapper clearfix'>\n<div class='flex_column_table av-equal-height-column-flextable -flextable' ><div class=\"flex_column av_two_fifth  flex_column_table_cell av-equal-height-column av-align-middle first  avia-builder-el-44  el_before_av_three_fifth  avia-builder-el-first\" style='background: #ffffff; border-width:1px; border-style:solid; padding:25px; background-color:#ffffff; border-radius:0px; '><div  style='padding-bottom:10px; ' class='av-special-heading av-special-heading-h4  blockquote modern-quote modern-centered  avia-builder-el-45  avia-builder-el-no-sibling'><h4 class='av-special-heading-tag'  itemprop=\"headline\"  >P\u00daBLICO OBJETIVO<\/h4><div class='special-heading-border'><div class='special-heading-inner-border' ><\/div><\/div><\/div><\/div><div class='av-flex-placeholder'><\/div><div class=\"flex_column av_three_fifth  flex_column_table_cell av-equal-height-column av-align-middle   avia-builder-el-46  el_after_av_two_fifth  avia-builder-el-last\" style='background: #ffffff; border-width:1px; border-style:solid; padding:25px; background-color:#ffffff; border-radius:0px; '><section class=\"av_textblock_section\"  itemscope=\"itemscope\" itemtype=\"https:\/\/schema.org\/CreativeWork\" ><div class='avia_textblock'   itemprop=\"text\" ><p>P\u00fablico en General, 30 participantes<\/p>\n<\/div><\/section><\/div><\/div><!--close column table wrapper. Autoclose: 1 --><\/div><\/div><\/div><!-- close content main div --><\/div><\/div><div id='after_section_10'  class='main_color av_default_container_wrap container_wrap sidebar_right' style=' '  ><div class='container' ><div class='template-page content  av-content-small alpha units'><div class='post-entry post-entry-type-page post-entry-1638'><div class='entry-content-wrapper clearfix'><div class=\"flex_column av_one_full  flex_column_div av-zero-column-padding first  avia-builder-el-48  el_after_av_section  el_before_av_one_full  avia-builder-el-first\" style='border-radius:0px; '><div  class='avia-button-wrap avia-button-center  avia-builder-el-49  avia-builder-el-no-sibling' ><a href='https:\/\/www.subparke.es\/en\/cronograma_proyectos\/'  class='avia-button av-icon-on-hover avia-color-theme-color   avia-icon_select-yes-left-icon avia-size-x-large avia-position-center'  target=\"_blank\"  rel=\"noopener noreferrer\"  ><span class='avia_button_icon avia_button_icon_left' aria-hidden='true' data-av_icon='\ue840' data-av_iconfont='entypo-fontello'><\/span><span class='avia_iconbox_title' >P\u00c1GINA DE INSCRIPCI\u00d3N<\/span><\/a><\/div><\/div><\/p>\n<div class=\"flex_column av_one_full  flex_column_div av-zero-column-padding first  avia-builder-el-50  el_after_av_one_full  avia-builder-el-last  column-top-margin\" style='border-radius:0px; '><div  class='avia-button-wrap avia-button-center  avia-builder-el-51  avia-builder-el-no-sibling' ><a href='https:\/\/www.subparke.es\/en\/cronograma_proyectos\/'  class='avia-button av-icon-on-hover avia-color-theme-color   avia-icon_select-yes-left-icon avia-size-x-large avia-position-center'   ><span class='avia_button_icon avia_button_icon_left' aria-hidden='true' data-av_icon='\ue88f' data-av_iconfont='entypo-fontello'><\/span><span class='avia_iconbox_title' >VOLVER AL CRONOGRAMA DE PROYECTOS<\/span><\/a><\/div><\/div>","protected":false},"excerpt":{"rendered":"","protected":false},"author":2,"featured_media":0,"parent":1460,"menu_order":0,"comment_status":"closed","ping_status":"closed","template":"","meta":{"_joinchat":[],"footnotes":""},"class_list":["post-1638","page","type-page","status-publish","hentry"],"_links":{"self":[{"href":"https:\/\/www.subparke.es\/en\/wp-json\/wp\/v2\/pages\/1638","targetHints":{"allow":["GET"]}}],"collection":[{"href":"https:\/\/www.subparke.es\/en\/wp-json\/wp\/v2\/pages"}],"about":[{"href":"https:\/\/www.subparke.es\/en\/wp-json\/wp\/v2\/types\/page"}],"author":[{"embeddable":true,"href":"https:\/\/www.subparke.es\/en\/wp-json\/wp\/v2\/users\/2"}],"replies":[{"embeddable":true,"href":"https:\/\/www.subparke.es\/en\/wp-json\/wp\/v2\/comments?post=1638"}],"version-history":[{"count":3,"href":"https:\/\/www.subparke.es\/en\/wp-json\/wp\/v2\/pages\/1638\/revisions"}],"predecessor-version":[{"id":1707,"href":"https:\/\/www.subparke.es\/en\/wp-json\/wp\/v2\/pages\/1638\/revisions\/1707"}],"up":[{"embeddable":true,"href":"https:\/\/www.subparke.es\/en\/wp-json\/wp\/v2\/pages\/1460"}],"wp:attachment":[{"href":"https:\/\/www.subparke.es\/en\/wp-json\/wp\/v2\/media?parent=1638"}],"curies":[{"name":"wp","href":"https:\/\/api.w.org\/{rel}","templated":true}]}}