{"id":3354,"date":"2022-09-20T20:44:05","date_gmt":"2022-09-20T20:44:05","guid":{"rendered":"https:\/\/www.subparke.es\/?page_id=3354"},"modified":"2024-09-04T11:23:23","modified_gmt":"2024-09-04T11:23:23","slug":"oferta-colegios","status":"publish","type":"page","link":"https:\/\/www.subparke.es\/en\/oferta-colegios\/","title":{"rendered":"Visita guiada Jard\u00edn Bot\u00e1nico Rodalquilar"},"content":{"rendered":"<div id='full_slider_1'  class='avia-fullwidth-slider main_color avia-shadow   avia-builder-el-0  el_before_av_section  avia-builder-el-first   container_wrap sidebar_right' style=' '  ><div   data-size='no scaling'  data-lightbox_size='large'  data-animation='slide'  data-conditional_play=''  data-ids='5188'  data-video_counter='0'  data-autoplay='false'  data-bg_slider='false'  data-slide_height=''  data-handle='av_slideshow_full'  data-interval='5'  data-class=' '  data-el_id=''  data-css_id=''  data-scroll_down=''  data-control_layout='av-control-default'  data-custom_markup=''  data-perma_caption=''  data-autoplay_stopper=''  data-image_attachment=''  data-min_height='0px'  data-lazy_loading='disabled'  data-src=''  data-position='top left'  data-repeat='no-repeat'  data-attach='scroll'  data-stretch=''  class='avia-slideshow avia-slideshow-1  av-control-default av-default-height-applied avia-slideshow-no scaling av_slideshow_full   avia-slide-slider'  itemprop=\"image\" itemscope=\"itemscope\" itemtype=\"https:\/\/schema.org\/ImageObject\" ><ul class='avia-slideshow-inner' style='padding-bottom: 26.041666666667%;' ><li  class='av-single-slide slide-1' ><div data-rel='slideshow-1' class='avia-slide-wrap'   ><img decoding=\"async\" class=\"wp-image-5188 avia-img-lazy-loading-not-5188\"  src=\"https:\/\/www.subparke.es\/wp-content\/uploads\/2023\/09\/cabecera-1.jpg\" width=\"1920\" height=\"500\" title='cabecera' alt=''  itemprop=\"thumbnailUrl\" srcset=\"https:\/\/www.subparke.es\/wp-content\/uploads\/2023\/09\/cabecera-1.jpg 1920w, https:\/\/www.subparke.es\/wp-content\/uploads\/2023\/09\/cabecera-1-300x78.jpg 300w, https:\/\/www.subparke.es\/wp-content\/uploads\/2023\/09\/cabecera-1-1030x268.jpg 1030w, https:\/\/www.subparke.es\/wp-content\/uploads\/2023\/09\/cabecera-1-768x200.jpg 768w, https:\/\/www.subparke.es\/wp-content\/uploads\/2023\/09\/cabecera-1-1536x400.jpg 1536w, https:\/\/www.subparke.es\/wp-content\/uploads\/2023\/09\/cabecera-1-1500x391.jpg 1500w, https:\/\/www.subparke.es\/wp-content\/uploads\/2023\/09\/cabecera-1-705x184.jpg 705w\" sizes=\"(max-width: 1920px) 100vw, 1920px\" \/><\/div><\/li><\/ul><\/div><\/div>\n<div id='av_section_1'  class='avia-section main_color avia-section-default avia-no-border-styling  avia-bg-style-scroll  avia-builder-el-1  el_after_av_slideshow_full  el_before_av_section   container_wrap sidebar_right' style='background-color: #dde492;  '  ><div class='container' ><div class='template-page content  av-content-small alpha units'><div class='post-entry post-entry-type-page post-entry-3354'><div class='entry-content-wrapper clearfix'>\n<div  style='padding-bottom:10px; ' class='av-special-heading av-special-heading-h3  blockquote modern-quote modern-centered  avia-builder-el-2  avia-builder-el-no-sibling'><h3 class='av-special-heading-tag'  itemprop=\"headline\"  >VISITA GUIADA CASA DE LOS VOLCANES &#8211; JARD\u00cdN BOT\u00c1NICO RODALQUILAR<\/h3><div class='special-heading-border'><div class='special-heading-inner-border' ><\/div><\/div><\/div>\n\n<\/div><\/div><\/div><!-- close content main div --><\/div><\/div><div id='av_section_2'  class='avia-section main_color avia-section-default avia-no-border-styling  avia-bg-style-scroll  avia-builder-el-3  el_after_av_section  el_before_av_section   container_wrap sidebar_right' style=' '  ><div class='container' ><div class='template-page content  av-content-small alpha units'><div class='post-entry post-entry-type-page post-entry-3354'><div class='entry-content-wrapper clearfix'>\n<div class=\"flex_column av_one_full  flex_column_div av-zero-column-padding first  avia-builder-el-4  el_before_av_one_half  avia-builder-el-first\" style='border-radius:0px; '><section class=\"av_textblock_section\"  itemscope=\"itemscope\" itemtype=\"https:\/\/schema.org\/CreativeWork\" ><div class='avia_textblock'   itemprop=\"text\" ><p>Desde Subparke les ofrecemos una <strong>visita guiada al Museo \u00abLa Casa de los Volcanes\u00bb as\u00ed como al Jard\u00edn Bot\u00e1nico de Rodalquilar.<\/strong> Ofertamos tambi\u00e9n <strong>talleres<\/strong> dise\u00f1ados espec\u00edficamente para colegios.<\/p>\n<\/div><\/section><\/div><div class='flex_column_table av-equal-height-column-flextable -flextable' ><div class=\"flex_column av_one_half  flex_column_table_cell av-equal-height-column av-align-top first  avia-builder-el-6  el_after_av_one_full  el_before_av_one_half  column-top-margin\" style='box-shadow: 0 0 10px 0 rgba(0,0,0,0.38); padding:30px; border-radius:10px; '><p><div  style='padding-bottom:10px; ' class='av-special-heading av-special-heading-h4  blockquote modern-quote modern-centered  avia-builder-el-7  el_before_av_textblock  avia-builder-el-first'><h4 class='av-special-heading-tag'  itemprop=\"headline\"  >MUSEO CASA DE LOS VOLCANES<\/h4><div class='special-heading-border'><div class='special-heading-inner-border' ><\/div><\/div><\/div><br \/>\n<section class=\"av_textblock_section\"  itemscope=\"itemscope\" itemtype=\"https:\/\/schema.org\/CreativeWork\" ><div class='avia_textblock'   itemprop=\"text\" ><p style=\"text-align: justify;\">El museo La Casa de los Volcanes se ubica en un antiguo edificio que se denominaba Casa PAF (Precipitaci\u00f3n, Afino y Fundici\u00f3n), dedicado a la explotaci\u00f3n de mineral de oro en Rodalquilar, hasta el cierre de la explotaci\u00f3n en el a\u00f1o 1966.<\/p>\n<p style=\"text-align: justify;\">Durante su visita nos ofrece un ins\u00f3lito paseo geol\u00f3gico y volc\u00e1nico para acercarnos a conocer e interpretar los paisajes del Geoparque de Cabo de Gata, y nos ayuda tambi\u00e9n a conocer su particular personalidad geol\u00f3gica en el contexto de la extraordinaria geodiversidad andaluza.<\/p>\n<p style=\"text-align: justify;\">Asimismo, en una de sus salas se exhiben aspectos relativos a la importancia hist\u00f3rica del distrito minero del Parque Natural Cabo de Gata, desde la miner\u00eda hist\u00f3rica de los alumbres en el siglo XVI y del plomo y la plata durante el siglo XIX, hasta el \u00faltimo y moderno proceso minero-metal\u00fargico desarrollado en la planta DENVER para la extracci\u00f3n de oro.<\/p>\n<p style=\"text-align: justify;\">Cuenta con bar-cafeter\u00eda<\/p>\n<\/div><\/section><br \/>\n<div  class='avia-image-container  av-styling-    avia-builder-el-9  el_after_av_textblock  avia-builder-el-last  avia-align-center'  itemprop=\"image\" itemscope=\"itemscope\" itemtype=\"https:\/\/schema.org\/ImageObject\"  ><div class='avia-image-container-inner'><div class='avia-image-overlay-wrap'><img decoding=\"async\" class='wp-image-5184 avia-img-lazy-loading-not-5184 avia_image' src=\"https:\/\/www.subparke.es\/wp-content\/uploads\/2023\/09\/museo001.jpg\" alt='' title='museo001' height=\"800\" width=\"1200\"  itemprop=\"thumbnailUrl\" srcset=\"https:\/\/www.subparke.es\/wp-content\/uploads\/2023\/09\/museo001.jpg 1200w, https:\/\/www.subparke.es\/wp-content\/uploads\/2023\/09\/museo001-300x200.jpg 300w, https:\/\/www.subparke.es\/wp-content\/uploads\/2023\/09\/museo001-1030x687.jpg 1030w, https:\/\/www.subparke.es\/wp-content\/uploads\/2023\/09\/museo001-768x512.jpg 768w, https:\/\/www.subparke.es\/wp-content\/uploads\/2023\/09\/museo001-705x470.jpg 705w\" sizes=\"(max-width: 1200px) 100vw, 1200px\" \/><\/div><\/div><\/div><\/p><\/div><div class='av-flex-placeholder'><\/div><div class=\"flex_column av_one_half  flex_column_table_cell av-equal-height-column av-align-top   avia-builder-el-10  el_after_av_one_half  avia-builder-el-last  column-top-margin\" style='box-shadow: 0 0 10px 0 rgba(0,0,0,0.38); padding:30px; border-radius:10px; '><p><div  style='padding-bottom:10px; ' class='av-special-heading av-special-heading-h4  blockquote modern-quote modern-centered  avia-builder-el-11  el_before_av_textblock  avia-builder-el-first'><h4 class='av-special-heading-tag'  itemprop=\"headline\"  >JARD\u00cdN BOT\u00c1NICO EL ALBARDINAL<\/h4><div class='special-heading-border'><div class='special-heading-inner-border' ><\/div><\/div><\/div><br \/>\n<section class=\"av_textblock_section\"  itemscope=\"itemscope\" itemtype=\"https:\/\/schema.org\/CreativeWork\" ><div class='avia_textblock'   itemprop=\"text\" ><p style=\"text-align: justify;\">El Albardinal se encuentra en el antiguo pueblo minero de Rodalquilar, dentro del Parque Natural Cabo de Gata-N\u00edjar, y debe su nombre a una planta frecuente en la zona: el albard\u00edn, similar al esparto y perfectamente adaptada a las duras condiciones de sequ\u00eda y elevada salinidad frecuentes en estos suelos.<\/p>\n<p style=\"text-align: justify;\">Durante el recorrido, el visitante podr\u00e1 conocer la flora y vegetaci\u00f3n del Sector Biogeogr\u00e1fico Almeriense, estando representadas desde especies amenazadas y exclusivas de la sierra volc\u00e1nica de Cabo de Gata, los subdesiertos de Tabernas, los yesos de Sorbas o la flora litoral, pasando por otras for\u00e1neas que se han adaptado a las condiciones del medio.<\/p>\n<p style=\"text-align: justify;\">Azufaifares, palmitares o artineras anteceden a romerales y espartales, y ya avanzando en el recorrido, tomillares y pastizales dan paso a cultivos de frutales y cereales. Este mosaico de paisajes que recoge el jard\u00edn nos recuerda la importancia que ha tenido el uso tradicional del territorio en la conservaci\u00f3n de este fr\u00e1gil medio natural.<\/p>\n<\/div><\/section><br \/>\n<div  class='avia-image-container  av-styling-    avia-builder-el-13  el_after_av_textblock  avia-builder-el-last  avia-align-center'  itemprop=\"image\" itemscope=\"itemscope\" itemtype=\"https:\/\/schema.org\/ImageObject\"  ><div class='avia-image-container-inner'><div class='avia-image-overlay-wrap'><img decoding=\"async\" class='wp-image-5189 avia-img-lazy-loading-not-5189 avia_image' src=\"https:\/\/www.subparke.es\/wp-content\/uploads\/2023\/09\/jardin002.jpg\" alt='' title='jardin002' height=\"800\" width=\"1200\"  itemprop=\"thumbnailUrl\" srcset=\"https:\/\/www.subparke.es\/wp-content\/uploads\/2023\/09\/jardin002.jpg 1200w, https:\/\/www.subparke.es\/wp-content\/uploads\/2023\/09\/jardin002-300x200.jpg 300w, https:\/\/www.subparke.es\/wp-content\/uploads\/2023\/09\/jardin002-1030x687.jpg 1030w, https:\/\/www.subparke.es\/wp-content\/uploads\/2023\/09\/jardin002-768x512.jpg 768w, https:\/\/www.subparke.es\/wp-content\/uploads\/2023\/09\/jardin002-705x470.jpg 705w\" sizes=\"(max-width: 1200px) 100vw, 1200px\" \/><\/div><\/div><\/div><\/p><\/div><\/div><!--close column table wrapper. Autoclose: 1 -->\n\n<\/div><\/div><\/div><!-- close content main div --><\/div><\/div><div id='av_section_3'  class='avia-section main_color avia-section-default avia-no-border-styling  avia-bg-style-scroll  avia-builder-el-14  el_after_av_section  el_before_av_slideshow_full   container_wrap sidebar_right' style=' '  ><div class='container' ><div class='template-page content  av-content-small alpha units'><div class='post-entry post-entry-type-page post-entry-3354'><div class='entry-content-wrapper clearfix'>\n<div class=\"flex_column av_one_full  flex_column_div av-zero-column-padding first  avia-builder-el-15  el_before_av_one_half  avia-builder-el-first\" style='border-radius:0px; '><div  style='padding-bottom:10px; ' class='av-special-heading av-special-heading-h3  blockquote modern-quote modern-centered  avia-builder-el-16  avia-builder-el-no-sibling'><h3 class='av-special-heading-tag'  itemprop=\"headline\"  >TALLERES OFERTADOS<\/h3><div class='special-heading-border'><div class='special-heading-inner-border' ><\/div><\/div><\/div><\/div><div class='flex_column_table av-equal-height-column-flextable -flextable' ><div class=\"flex_column av_one_half  flex_column_table_cell av-equal-height-column av-align-top first  avia-builder-el-17  el_after_av_one_full  el_before_av_one_half  column-top-margin\" style='box-shadow: 0 0 10px 0 rgba(0,0,0,0.38); padding:30px; border-radius:10px; '><p><div  style='padding-bottom:10px; ' class='av-special-heading av-special-heading-h4  blockquote modern-quote modern-centered  avia-builder-el-18  el_before_av_textblock  avia-builder-el-first'><h4 class='av-special-heading-tag'  itemprop=\"headline\"  >VISITA AL MUSEO CASA DE LOS VOLCANES<\/h4><div class='special-heading-border'><div class='special-heading-inner-border' ><\/div><\/div><\/div><br \/>\n<section class=\"av_textblock_section\"  itemscope=\"itemscope\" itemtype=\"https:\/\/schema.org\/CreativeWork\" ><div class='avia_textblock'   itemprop=\"text\" ><p style=\"text-align: justify;\">Visita guiada al Museo Casa de Los Volcanes<\/p>\n<\/div><\/section><\/p><\/div><div class='av-flex-placeholder'><\/div><div class=\"flex_column av_one_half  flex_column_table_cell av-equal-height-column av-align-top   avia-builder-el-20  el_after_av_one_half  el_before_av_one_half  column-top-margin\" style='box-shadow: 0 0 10px 0 rgba(0,0,0,0.38); padding:30px; border-radius:10px; '><p><div  style='padding-bottom:10px; ' class='av-special-heading av-special-heading-h4  blockquote modern-quote modern-centered  avia-builder-el-21  el_before_av_textblock  avia-builder-el-first'><h4 class='av-special-heading-tag'  itemprop=\"headline\"  >VISITA AL MUSEO CASA DE LOS VOLCANES + B\u00daSQUEDA DEL TESORO<\/h4><div class='special-heading-border'><div class='special-heading-inner-border' ><\/div><\/div><\/div><br \/>\n<section class=\"av_textblock_section\"  itemscope=\"itemscope\" itemtype=\"https:\/\/schema.org\/CreativeWork\" ><div class='avia_textblock'   itemprop=\"text\" ><p style=\"text-align: justify;\">Visita guiada al Museo Casa de Los Volcanes y gymkana b\u00fasqueda del tesoro.<\/p>\n<\/div><\/section><\/p><\/div><\/div><!--close column table wrapper. Autoclose: 1 --><div class='flex_column_table av-equal-height-column-flextable -flextable' ><div class=\"flex_column av_one_half  flex_column_table_cell av-equal-height-column av-align-top first  avia-builder-el-23  el_after_av_one_half  el_before_av_one_half  column-top-margin\" style='box-shadow: 0 0 10px 0 rgba(0,0,0,0.38); padding:30px; border-radius:10px; '><p><div  style='padding-bottom:10px; ' class='av-special-heading av-special-heading-h4  blockquote modern-quote modern-centered  avia-builder-el-24  el_before_av_textblock  avia-builder-el-first'><h4 class='av-special-heading-tag'  itemprop=\"headline\"  >VISITA AL MUSEO CASA DE LOS VOLCANES + SENDERO \u00abEN B\u00daSQUEDA DE ORO\u00bb<\/h4><div class='special-heading-border'><div class='special-heading-inner-border' ><\/div><\/div><\/div><br \/>\n<section class=\"av_textblock_section\"  itemscope=\"itemscope\" itemtype=\"https:\/\/schema.org\/CreativeWork\" ><div class='avia_textblock'   itemprop=\"text\" ><p style=\"text-align: justify;\">Visita guiada al Museo Casa de Los Volcanes y un sendero por la antigua planta Denver en b\u00fasqueda de oro<\/p>\n<\/div><\/section><\/p><\/div><div class='av-flex-placeholder'><\/div><div class=\"flex_column av_one_half  flex_column_table_cell av-equal-height-column av-align-top   avia-builder-el-26  el_after_av_one_half  el_before_av_one_half  column-top-margin\" style='box-shadow: 0 0 10px 0 rgba(0,0,0,0.38); padding:30px; border-radius:10px; '><p><div  style='padding-bottom:10px; ' class='av-special-heading av-special-heading-h4  blockquote modern-quote modern-centered  avia-builder-el-27  el_before_av_textblock  avia-builder-el-first'><h4 class='av-special-heading-tag'  itemprop=\"headline\"  >VISITA MUSEO CASA DE LOS VOLCANES Y TALLER DE ASTROTURISMO<\/h4><div class='special-heading-border'><div class='special-heading-inner-border' ><\/div><\/div><\/div><br \/>\n<section class=\"av_textblock_section\"  itemscope=\"itemscope\" itemtype=\"https:\/\/schema.org\/CreativeWork\" ><div class='avia_textblock'   itemprop=\"text\" ><p style=\"text-align: justify;\">Visita guiada al museo Casa de los Volcanes y taller de astroturismo en la sala de audiovisuales a trav\u00e9s del programa stellarium.<\/p>\n<\/div><\/section><\/p><\/div><\/div><!--close column table wrapper. Autoclose: 1 --><div class='flex_column_table av-equal-height-column-flextable -flextable' ><div class=\"flex_column av_one_half  flex_column_table_cell av-equal-height-column av-align-top first  avia-builder-el-29  el_after_av_one_half  el_before_av_one_half  column-top-margin\" style='box-shadow: 0 0 10px 0 rgba(0,0,0,0.38); padding:30px; border-radius:10px; '><p><div  style='padding-bottom:10px; ' class='av-special-heading av-special-heading-h4  blockquote modern-quote modern-centered  avia-builder-el-30  el_before_av_textblock  avia-builder-el-first'><h4 class='av-special-heading-tag'  itemprop=\"headline\"  >TALLER BIOVIDERSIDAD BINGO EN EL JARD\u00cdN BOT\u00c1NICO<\/h4><div class='special-heading-border'><div class='special-heading-inner-border' ><\/div><\/div><\/div><br \/>\n<section class=\"av_textblock_section\"  itemscope=\"itemscope\" itemtype=\"https:\/\/schema.org\/CreativeWork\" ><div class='avia_textblock'   itemprop=\"text\" ><p>Este taller se realizar\u00e1 en el jard\u00edn bot\u00e1nico, primero se desayunar\u00e1 en la zona habilitada para ello, cada alumno traer\u00e1 su propio desayuno. Se repartir\u00e1n a los distintos grupos que haremos, un folio y l\u00e1pices donde tendr\u00e1n que buscar y dibujar distintos tipos de hojas, plantas y frutos en nuestra ruta por el jard\u00edn.<\/p>\n<\/div><\/section><\/p><\/div><div class='av-flex-placeholder'><\/div><div class=\"flex_column av_one_half  flex_column_table_cell av-equal-height-column av-align-top   avia-builder-el-32  el_after_av_one_half  avia-builder-el-last  column-top-margin\" style='box-shadow: 0 0 10px 0 rgba(0,0,0,0.38); padding:30px; border-radius:10px; '><p><div  style='padding-bottom:10px; ' class='av-special-heading av-special-heading-h4  blockquote modern-quote modern-centered  avia-builder-el-33  el_before_av_textblock  avia-builder-el-first'><h4 class='av-special-heading-tag'  itemprop=\"headline\"  >RUTA PAISAJE (CERRO DE LA CRUZ)<\/h4><div class='special-heading-border'><div class='special-heading-inner-border' ><\/div><\/div><\/div><br \/>\n<section class=\"av_textblock_section\"  itemscope=\"itemscope\" itemtype=\"https:\/\/schema.org\/CreativeWork\" ><div class='avia_textblock'   itemprop=\"text\" ><p>Este taller se realizar\u00e1 en el jard\u00edn bot\u00e1nico, primero se desayunar\u00e1 en la zona habilitada para ello, cada alumno traer\u00e1 su propio desayuno. Ruta para los peques, peque\u00f1o sendero que parte del jard\u00edn bot\u00e1nico para disfrutar de la flora y fauna que nos rodea.<\/p>\n<\/div><\/section><\/p><\/div><\/div><!--close column table wrapper. Autoclose: 1 --><\/div><\/div><\/div><!-- close content main div --><\/div><\/div><div id='full_slider_2'  class='avia-fullwidth-slider main_color avia-shadow   avia-builder-el-35  el_after_av_section  el_before_av_section   slider-not-first container_wrap sidebar_right' style=' '  ><div   data-size='no scaling'  data-lightbox_size='large'  data-animation='slide'  data-conditional_play=''  data-ids='5192'  data-video_counter='0'  data-autoplay='false'  data-bg_slider='false'  data-slide_height=''  data-handle='av_slideshow_full'  data-interval='5'  data-class=' '  data-el_id=''  data-css_id=''  data-scroll_down=''  data-control_layout='av-control-default'  data-custom_markup=''  data-perma_caption=''  data-autoplay_stopper=''  data-image_attachment=''  data-min_height='0px'  data-lazy_loading='disabled'  data-src=''  data-position='top left'  data-repeat='no-repeat'  data-attach='scroll'  data-stretch=''  class='avia-slideshow avia-slideshow-2  av-control-default av-default-height-applied avia-slideshow-no scaling av_slideshow_full   avia-slide-slider'  itemprop=\"image\" itemscope=\"itemscope\" itemtype=\"https:\/\/schema.org\/ImageObject\" ><ul class='avia-slideshow-inner' style='padding-bottom: 20.833333333333%;' ><li  class='av-single-slide slide-1' ><div data-rel='slideshow-2' class='avia-slide-wrap'   ><img decoding=\"async\" class=\"wp-image-5192 avia-img-lazy-loading-not-5192\"  src=\"https:\/\/www.subparke.es\/wp-content\/uploads\/2023\/09\/disena_itinerario1920.png\" width=\"1920\" height=\"400\" title='disena_itinerario1920' alt=''  itemprop=\"thumbnailUrl\" srcset=\"https:\/\/www.subparke.es\/wp-content\/uploads\/2023\/09\/disena_itinerario1920.png 1920w, https:\/\/www.subparke.es\/wp-content\/uploads\/2023\/09\/disena_itinerario1920-300x63.png 300w, https:\/\/www.subparke.es\/wp-content\/uploads\/2023\/09\/disena_itinerario1920-1030x215.png 1030w, https:\/\/www.subparke.es\/wp-content\/uploads\/2023\/09\/disena_itinerario1920-768x160.png 768w, https:\/\/www.subparke.es\/wp-content\/uploads\/2023\/09\/disena_itinerario1920-1536x320.png 1536w, https:\/\/www.subparke.es\/wp-content\/uploads\/2023\/09\/disena_itinerario1920-1500x313.png 1500w, https:\/\/www.subparke.es\/wp-content\/uploads\/2023\/09\/disena_itinerario1920-705x147.png 705w\" sizes=\"(max-width: 1920px) 100vw, 1920px\" \/><\/div><\/li><\/ul><\/div><\/div><\/p>\n<div id='av_section_4'  class='avia-section main_color avia-section-default avia-no-border-styling  avia-bg-style-scroll  avia-builder-el-36  el_after_av_slideshow_full  el_before_av_section   container_wrap sidebar_right' style=' '  ><div class='container' ><div class='template-page content  av-content-small alpha units'><div class='post-entry post-entry-type-page post-entry-3354'><div class='entry-content-wrapper clearfix'>\n<div  class='avia-image-container  av-styling-    avia-builder-el-37  avia-builder-el-no-sibling  avia-align-center'  itemprop=\"image\" itemscope=\"itemscope\" itemtype=\"https:\/\/schema.org\/ImageObject\"  ><div class='avia-image-container-inner'><div class='avia-image-overlay-wrap'><img decoding=\"async\" class='wp-image-5179 avia-img-lazy-loading-not-5179 avia_image' src=\"https:\/\/www.subparke.es\/wp-content\/uploads\/2023\/09\/precios2024_x1920.jpg\" alt='' title='precios2024_x1920' height=\"722\" width=\"1920\"  itemprop=\"thumbnailUrl\" srcset=\"https:\/\/www.subparke.es\/wp-content\/uploads\/2023\/09\/precios2024_x1920.jpg 1920w, https:\/\/www.subparke.es\/wp-content\/uploads\/2023\/09\/precios2024_x1920-300x113.jpg 300w, https:\/\/www.subparke.es\/wp-content\/uploads\/2023\/09\/precios2024_x1920-1030x387.jpg 1030w, https:\/\/www.subparke.es\/wp-content\/uploads\/2023\/09\/precios2024_x1920-768x289.jpg 768w, https:\/\/www.subparke.es\/wp-content\/uploads\/2023\/09\/precios2024_x1920-1536x578.jpg 1536w, https:\/\/www.subparke.es\/wp-content\/uploads\/2023\/09\/precios2024_x1920-1500x564.jpg 1500w, https:\/\/www.subparke.es\/wp-content\/uploads\/2023\/09\/precios2024_x1920-705x265.jpg 705w\" sizes=\"(max-width: 1920px) 100vw, 1920px\" \/><\/div><\/div><\/div>\n\n<\/div><\/div><\/div><!-- close content main div --><\/div><\/div><div id='av_section_5'  class='avia-section main_color avia-section-default avia-no-border-styling  avia-bg-style-scroll  avia-builder-el-38  el_after_av_section  avia-builder-el-last   container_wrap sidebar_right' style='background-color: #f2f2f2;  '  ><div class='container' ><div class='template-page content  av-content-small alpha units'><div class='post-entry post-entry-type-page post-entry-3354'><div class='entry-content-wrapper clearfix'>\n<div  style='padding-bottom:10px; ' class='av-special-heading av-special-heading-h2  blockquote modern-quote modern-centered  avia-builder-el-39  el_before_av_textblock  avia-builder-el-first'><h2 class='av-special-heading-tag'  itemprop=\"headline\"  >Si necesita m\u00e1s informaci\u00f3n o desea contactar con nosotros<\/h2><div class='special-heading-border'><div class='special-heading-inner-border' ><\/div><\/div><\/div>\n<section class=\"av_textblock_section\"  itemscope=\"itemscope\" itemtype=\"https:\/\/schema.org\/CreativeWork\" ><div class='avia_textblock   av-medium-font-size-overwrite av-medium-font-size-18 av-small-font-size-overwrite av-small-font-size-14 av-mini-font-size-overwrite av-mini-font-size-12'  style='font-size:34px; '  itemprop=\"text\" ><p style=\"text-align: center;\"><a href=\"mailto:subparkecomercialmk@gmail.com\">subparkecomercialmk@gmail.com<\/a><br \/>\n<a href=\"tel:669378060\">669378060<\/a><\/p>\n<\/div><\/section>\n<\/div><\/div><\/div><!-- close content main div --><\/div><\/div><div id='after_section_5'  class='main_color av_default_container_wrap container_wrap sidebar_right' style=' '  ><div class='container' ><div class='template-page content  av-content-small alpha units'><div class='post-entry post-entry-type-page post-entry-3354'><div class='entry-content-wrapper clearfix'>","protected":false},"excerpt":{"rendered":"","protected":false},"author":2,"featured_media":3364,"parent":0,"menu_order":0,"comment_status":"closed","ping_status":"closed","template":"","meta":{"_joinchat":[],"footnotes":""},"class_list":["post-3354","page","type-page","status-publish","has-post-thumbnail","hentry"],"_links":{"self":[{"href":"https:\/\/www.subparke.es\/en\/wp-json\/wp\/v2\/pages\/3354","targetHints":{"allow":["GET"]}}],"collection":[{"href":"https:\/\/www.subparke.es\/en\/wp-json\/wp\/v2\/pages"}],"about":[{"href":"https:\/\/www.subparke.es\/en\/wp-json\/wp\/v2\/types\/page"}],"author":[{"embeddable":true,"href":"https:\/\/www.subparke.es\/en\/wp-json\/wp\/v2\/users\/2"}],"replies":[{"embeddable":true,"href":"https:\/\/www.subparke.es\/en\/wp-json\/wp\/v2\/comments?post=3354"}],"version-history":[{"count":12,"href":"https:\/\/www.subparke.es\/en\/wp-json\/wp\/v2\/pages\/3354\/revisions"}],"predecessor-version":[{"id":6607,"href":"https:\/\/www.subparke.es\/en\/wp-json\/wp\/v2\/pages\/3354\/revisions\/6607"}],"wp:featuredmedia":[{"embeddable":true,"href":"https:\/\/www.subparke.es\/en\/wp-json\/wp\/v2\/media\/3364"}],"wp:attachment":[{"href":"https:\/\/www.subparke.es\/en\/wp-json\/wp\/v2\/media?parent=3354"}],"curies":[{"name":"wp","href":"https:\/\/api.w.org\/{rel}","templated":true}]}}