{"id":414,"date":"2019-04-08T20:36:39","date_gmt":"2019-04-08T20:36:39","guid":{"rendered":"https:\/\/www.subparke.es\/?page_id=414"},"modified":"2023-07-10T16:05:32","modified_gmt":"2023-07-10T16:05:32","slug":"centro-buceo","status":"publish","type":"page","link":"https:\/\/www.subparke.es\/en\/centro-buceo\/","title":{"rendered":"Centro de buceo"},"content":{"rendered":"<div id='full_slider_1'  class='avia-fullwidth-slider main_color avia-shadow   avia-builder-el-0  el_before_av_section  avia-builder-el-first   container_wrap sidebar_right' style=' '  ><div   data-size='no scaling'  data-lightbox_size='large'  data-animation='slide'  data-conditional_play=''  data-ids='434'  data-video_counter='0'  data-autoplay='false'  data-bg_slider='false'  data-slide_height=''  data-handle='av_slideshow_full'  data-interval='5'  data-class=' '  data-el_id=''  data-css_id=''  data-scroll_down=''  data-control_layout='av-control-default'  data-custom_markup=''  data-perma_caption=''  data-autoplay_stopper=''  data-image_attachment=''  data-min_height='0px'  data-lazy_loading='disabled'  data-src=''  data-position='top left'  data-repeat='no-repeat'  data-attach='scroll'  data-stretch=''  class='avia-slideshow avia-slideshow-1  av-control-default av-default-height-applied avia-slideshow-no scaling av_slideshow_full   avia-slide-slider '  itemprop=\"image\" itemscope=\"itemscope\" itemtype=\"https:\/\/schema.org\/ImageObject\" ><ul class='avia-slideshow-inner ' style='padding-bottom: 20.833333333333%;' ><li  class=' av-single-slide slide-1 ' ><div data-rel='slideshow-1' class='avia-slide-wrap '   ><img decoding=\"async\" class=\"wp-image-434 avia-img-lazy-loading-not-434\"  src=\"https:\/\/www.subparke.es\/wp-content\/uploads\/2019\/04\/cab_buceo.jpg\" width=\"1920\" height=\"400\" title='cab_buceo' alt=''  itemprop=\"thumbnailUrl\" srcset=\"https:\/\/www.subparke.es\/wp-content\/uploads\/2019\/04\/cab_buceo.jpg 1920w, https:\/\/www.subparke.es\/wp-content\/uploads\/2019\/04\/cab_buceo-300x63.jpg 300w, https:\/\/www.subparke.es\/wp-content\/uploads\/2019\/04\/cab_buceo-768x160.jpg 768w, https:\/\/www.subparke.es\/wp-content\/uploads\/2019\/04\/cab_buceo-1030x215.jpg 1030w, https:\/\/www.subparke.es\/wp-content\/uploads\/2019\/04\/cab_buceo-1500x313.jpg 1500w, https:\/\/www.subparke.es\/wp-content\/uploads\/2019\/04\/cab_buceo-705x147.jpg 705w, https:\/\/www.subparke.es\/wp-content\/uploads\/2019\/04\/cab_buceo-450x94.jpg 450w\" sizes=\"(max-width: 1920px) 100vw, 1920px\" \/><\/div><\/li><\/ul><\/div><\/div>\n<div id='av_section_1'  class='avia-section main_color avia-section-default avia-no-border-styling  avia-bg-style-scroll  avia-builder-el-1  el_after_av_slideshow_full  el_before_av_layout_row   container_wrap sidebar_right' style=' '  ><div class='container' ><div class='template-page content  av-content-small alpha units'><div class='post-entry post-entry-type-page post-entry-414'><div class='entry-content-wrapper clearfix'>\n<section class=\"av_textblock_section \"  itemscope=\"itemscope\" itemtype=\"https:\/\/schema.org\/CreativeWork\" ><div class='avia_textblock  '   itemprop=\"text\" ><blockquote>\n<p>Aprende todas las t\u00e9cnicas necesarias para ser un buceador profesional o sum\u00e9rgete en las profundidades del sorprendente Parque Natural Cabo de Gata &#8211; N\u00edjar con nuestras inmersiones programadas<\/p>\n<\/blockquote>\n<\/div><\/section>\n\n<\/div><\/div><\/div><!-- close content main div --><\/div><\/div><div id='welcome'  class='av-layout-grid-container entry-content-wrapper main_color av-fixed-cells     avia-builder-el-3  el_after_av_section  el_before_av_heading  submenu-not-first container_wrap sidebar_right' style=' '  >\n<div class=\"flex_cell no_margin av_one_fourth  avia-builder-el-4  el_before_av_cell_one_fourth  avia-builder-el-first   av-zero-padding \"  style='height:15px; min-height:15px;background: #0c7494; vertical-align:top; padding:0px; background-color:#0c7494; ' ><div class='flex_cell_inner' ><\/div><\/div><div class=\"flex_cell no_margin av_one_fourth  avia-builder-el-5  el_after_av_cell_one_fourth  el_before_av_cell_one_fourth   av-zero-padding \"  style='height:15px; min-height:15px;background: #109bc5; vertical-align:top; padding:0px; background-color:#109bc5; ' ><div class='flex_cell_inner' ><\/div><\/div><div class=\"flex_cell no_margin av_one_fourth  avia-builder-el-6  el_after_av_cell_one_fourth  el_before_av_cell_one_fourth   av-zero-padding \"  style='height:15px; min-height:15px;background: #70c3dc; vertical-align:top; padding:0px; background-color:#70c3dc; ' ><div class='flex_cell_inner' ><\/div><\/div><div class=\"flex_cell no_margin av_one_fourth  avia-builder-el-7  el_after_av_cell_one_fourth  avia-builder-el-last   av-zero-padding \"  style='height:15px; min-height:15px;background: #cfebf3; vertical-align:top; padding:0px; background-color:#cfebf3; ' ><div class='flex_cell_inner' ><\/div><\/div>\n<\/div><div id='after_submenu_1'  class='main_color av_default_container_wrap container_wrap sidebar_right' style=' '  ><div class='container' ><div class='template-page content  av-content-small alpha units'><div class='post-entry post-entry-type-page post-entry-414'><div class='entry-content-wrapper clearfix'>\n<div  style='padding-bottom:20px; font-size:50px;' class='av-special-heading av-special-heading-h1  blockquote modern-quote modern-centered  avia-builder-el-8  el_after_av_layout_row  el_before_av_masonry_entries  avia-builder-el-no-sibling  av-inherit-size '><h1 class='av-special-heading-tag '  itemprop=\"headline\"  >Actividades y cursos <u>disponibles<\/u><\/h1><div class='special-heading-border'><div class='special-heading-inner-border' ><\/div><\/div><\/div>\n<div id='av-masonry-1' class='av-masonry  noHover av-fixed-size av-1px-gap av-hover-overlay-active av-masonry-animation-active av-masonry-col-3 av-caption-always av-caption-style-overlay    av-desktop-hide av-medium-hide av-small-hide av-mini-hide '  ><div class='av-masonry-sort main_color av-sort-yes' data-masonry-id='1' ><div class='av-sort-by-term  ' data-av-allowed-sort='[\"centro-buceo_sort\",\"cursos-buceo_sort\"]' ><a href=\"#\" data-filter=\"all_sort\" class=\"all_sort_button active_sort\"><span class=\"inner_sort_button\"><span>All<\/span><small class=\"avia-term-count\"> 7 <\/small><\/span><\/a><span class='text-sep campamentos_sort_sep avia_hide_sort'>\/<\/span><a href=\"#\" data-filter=\"campamentos_sort\" class=\"campamentos_sort_button avia_hide_sort\" ><span class=\"inner_sort_button\"><span>Campamentos<\/span><small class='avia-term-count'> 0 <\/small><\/span><\/a><span class='text-sep centro-buceo_sort_sep avia_show_sort'>\/<\/span><a href=\"#\" data-filter=\"centro-buceo_sort\" class=\"centro-buceo_sort_button avia_show_sort\" ><span class=\"inner_sort_button\"><span>Centro buceo<\/span><small class='avia-term-count'> 7 <\/small><\/span><\/a><span class='text-sep cursos-buceo_sort_sep avia_show_sort'>\/<\/span><a href=\"#\" data-filter=\"cursos-buceo_sort\" class=\"cursos-buceo_sort_button avia_show_sort\" ><span class=\"inner_sort_button\"><span>Cursos buceo<\/span><small class='avia-term-count'> 6 <\/small><\/span><\/a><span class='text-sep turismo-activo_sort_sep avia_hide_sort'>\/<\/span><a href=\"#\" data-filter=\"turismo-activo_sort\" class=\"turismo-activo_sort_button avia_hide_sort\" ><span class=\"inner_sort_button\"><span>Turismo activo<\/span><small class='avia-term-count'> 0 <\/small><\/span><\/a><\/div><\/div><div class='av-masonry-container isotope av-js-disabled ' ><div class='av-masonry-entry isotope-item av-masonry-item-no-image all_sort centro-buceo_sort  cursos-buceo_sort  campamentos_sort  turismo-activo_sort '><\/div><a href=\"https:\/\/www.subparke.es\/en\/portfolio-item\/cursos-primeros-auxilios\/\"  id='av-masonry-1-item-561' data-av-masonry-item='561' class='av-masonry-entry isotope-item post-561 portfolio type-portfolio status-publish has-post-thumbnail hentry portfolio_entries-centro-buceo portfolio_entries-cursos-buceo all_sort centro-buceo_sort  cursos-buceo_sort  av-masonry-item-with-image av-grid-img' title=\"primerosauxilios\"  itemscope=\"itemscope\" itemtype=\"https:\/\/schema.org\/CreativeWork\" ><div class='av-inner-masonry-sizer'><\/div><figure class='av-inner-masonry main_color'><div class=\"av-masonry-outerimage-container\"><div class=\"av-masonry-image-container\" style=\"background-image: url(https:\/\/www.subparke.es\/wp-content\/uploads\/2019\/04\/primerosauxilios.jpg);\" title=\"primerosauxilios\" ><\/div><\/div><figcaption class='av-inner-masonry-content site-background'><div class='av-inner-masonry-content-pos'><div class='av-inner-masonry-content-pos-content'><div class='avia-arrow'><\/div><h3 class='av-masonry-entry-title entry-title '  itemprop=\"headline\" >Cursos Primeros Auxilios<\/h3><\/div><\/div><\/figcaption><\/figure><\/a><!--end av-masonry entry--><a href=\"https:\/\/www.subparke.es\/en\/portfolio-item\/especialidades\/\"  id='av-masonry-1-item-558' data-av-masonry-item='558' class='av-masonry-entry isotope-item post-558 portfolio type-portfolio status-publish has-post-thumbnail hentry portfolio_entries-centro-buceo portfolio_entries-cursos-buceo all_sort centro-buceo_sort  cursos-buceo_sort  av-masonry-item-with-image av-grid-img' title=\"especialidadesbuceo\"  itemscope=\"itemscope\" itemtype=\"https:\/\/schema.org\/CreativeWork\" ><div class='av-inner-masonry-sizer'><\/div><figure class='av-inner-masonry main_color'><div class=\"av-masonry-outerimage-container\"><div class=\"av-masonry-image-container\" style=\"background-image: url(https:\/\/www.subparke.es\/wp-content\/uploads\/2019\/04\/especialidadesbuceo.jpg);\" title=\"especialidadesbuceo\" ><\/div><\/div><figcaption class='av-inner-masonry-content site-background'><div class='av-inner-masonry-content-pos'><div class='av-inner-masonry-content-pos-content'><div class='avia-arrow'><\/div><h3 class='av-masonry-entry-title entry-title '  itemprop=\"headline\" >Especialidades<\/h3><\/div><\/div><\/figcaption><\/figure><\/a><!--end av-masonry entry--><a href=\"https:\/\/www.subparke.es\/en\/portfolio-item\/dive-master\/\"  id='av-masonry-1-item-555' data-av-masonry-item='555' class='av-masonry-entry isotope-item post-555 portfolio type-portfolio status-publish has-post-thumbnail hentry portfolio_entries-centro-buceo portfolio_entries-cursos-buceo all_sort centro-buceo_sort  cursos-buceo_sort  av-masonry-item-with-image av-grid-img' title=\"divemaster\"  itemscope=\"itemscope\" itemtype=\"https:\/\/schema.org\/CreativeWork\" ><div class='av-inner-masonry-sizer'><\/div><figure class='av-inner-masonry main_color'><div class=\"av-masonry-outerimage-container\"><div class=\"av-masonry-image-container\" style=\"background-image: url(https:\/\/www.subparke.es\/wp-content\/uploads\/2019\/04\/divemaster-705x705.jpg);\" title=\"divemaster\" ><\/div><\/div><figcaption class='av-inner-masonry-content site-background'><div class='av-inner-masonry-content-pos'><div class='av-inner-masonry-content-pos-content'><div class='avia-arrow'><\/div><h3 class='av-masonry-entry-title entry-title '  itemprop=\"headline\" >Dive Master<\/h3><\/div><\/div><\/figcaption><\/figure><\/a><!--end av-masonry entry--><a href=\"https:\/\/www.subparke.es\/en\/portfolio-item\/rescue-diver\/\"  id='av-masonry-1-item-551' data-av-masonry-item='551' class='av-masonry-entry isotope-item post-551 portfolio type-portfolio status-publish has-post-thumbnail hentry portfolio_entries-centro-buceo portfolio_entries-cursos-buceo all_sort centro-buceo_sort  cursos-buceo_sort  av-masonry-item-with-image av-grid-img' title=\"rescuediver\"  itemscope=\"itemscope\" itemtype=\"https:\/\/schema.org\/CreativeWork\" ><div class='av-inner-masonry-sizer'><\/div><figure class='av-inner-masonry main_color'><div class=\"av-masonry-outerimage-container\"><div class=\"av-masonry-image-container\" style=\"background-image: url(https:\/\/www.subparke.es\/wp-content\/uploads\/2019\/04\/rescuediver.jpg);\" title=\"rescuediver\" ><\/div><\/div><figcaption class='av-inner-masonry-content site-background'><div class='av-inner-masonry-content-pos'><div class='av-inner-masonry-content-pos-content'><div class='avia-arrow'><\/div><h3 class='av-masonry-entry-title entry-title '  itemprop=\"headline\" >Rescue diver<\/h3><\/div><\/div><\/figcaption><\/figure><\/a><!--end av-masonry entry--><a href=\"https:\/\/www.subparke.es\/en\/portfolio-item\/advanced-open-water-diver\/\"  id='av-masonry-1-item-548' data-av-masonry-item='548' class='av-masonry-entry isotope-item post-548 portfolio type-portfolio status-publish has-post-thumbnail hentry portfolio_entries-centro-buceo portfolio_entries-cursos-buceo all_sort centro-buceo_sort  cursos-buceo_sort  av-masonry-item-with-image av-grid-img' title=\"advancedopenwater\"  itemscope=\"itemscope\" itemtype=\"https:\/\/schema.org\/CreativeWork\" ><div class='av-inner-masonry-sizer'><\/div><figure class='av-inner-masonry main_color'><div class=\"av-masonry-outerimage-container\"><div class=\"av-masonry-image-container\" style=\"background-image: url(https:\/\/www.subparke.es\/wp-content\/uploads\/2019\/04\/advancedopenwater.jpg);\" title=\"advancedopenwater\" ><\/div><\/div><figcaption class='av-inner-masonry-content site-background'><div class='av-inner-masonry-content-pos'><div class='av-inner-masonry-content-pos-content'><div class='avia-arrow'><\/div><h3 class='av-masonry-entry-title entry-title '  itemprop=\"headline\" >Advanced Open Water Diver<\/h3><\/div><\/div><\/figcaption><\/figure><\/a><!--end av-masonry entry--><a href=\"https:\/\/www.subparke.es\/en\/portfolio-item\/open-water-diver\/\"  id='av-masonry-1-item-530' data-av-masonry-item='530' class='av-masonry-entry isotope-item post-530 portfolio type-portfolio status-publish has-post-thumbnail hentry portfolio_entries-centro-buceo portfolio_entries-cursos-buceo all_sort centro-buceo_sort  cursos-buceo_sort  av-masonry-item-with-image av-grid-img' title=\"openwaterdiver\"  itemscope=\"itemscope\" itemtype=\"https:\/\/schema.org\/CreativeWork\" ><div class='av-inner-masonry-sizer'><\/div><figure class='av-inner-masonry main_color'><div class=\"av-masonry-outerimage-container\"><div class=\"av-masonry-image-container\" style=\"background-image: url(https:\/\/www.subparke.es\/wp-content\/uploads\/2019\/04\/openwaterdiver.jpg);\" title=\"openwaterdiver\" ><\/div><\/div><figcaption class='av-inner-masonry-content site-background'><div class='av-inner-masonry-content-pos'><div class='av-inner-masonry-content-pos-content'><div class='avia-arrow'><\/div><h3 class='av-masonry-entry-title entry-title '  itemprop=\"headline\" >Open Water Diver<\/h3><\/div><\/div><\/figcaption><\/figure><\/a><!--end av-masonry entry--><a href=\"https:\/\/www.subparke.es\/en\/portfolio-item\/pide-tu-actividad\/\"  id='av-masonry-1-item-668' data-av-masonry-item='668' class='av-masonry-entry isotope-item post-668 portfolio type-portfolio status-publish has-post-thumbnail hentry portfolio_entries-campamentos portfolio_entries-centro-buceo portfolio_entries-turismo-activo all_sort campamentos_sort  centro-buceo_sort  turismo-activo_sort  av-masonry-item-with-image av-grid-img' title=\"pide_actividad0\"  itemscope=\"itemscope\" itemtype=\"https:\/\/schema.org\/CreativeWork\" ><div class='av-inner-masonry-sizer'><\/div><figure class='av-inner-masonry main_color'><div class=\"av-masonry-outerimage-container\"><div class=\"av-masonry-image-container\" style=\"background-image: url(https:\/\/www.subparke.es\/wp-content\/uploads\/2019\/04\/pide_actividad0.jpg);\" title=\"pide_actividad0\" ><\/div><\/div><figcaption class='av-inner-masonry-content site-background'><div class='av-inner-masonry-content-pos'><div class='av-inner-masonry-content-pos-content'><div class='avia-arrow'><\/div><h3 class='av-masonry-entry-title entry-title '  itemprop=\"headline\" >Pide tu actividad<\/h3><\/div><\/div><\/figcaption><\/figure><\/a><!--end av-masonry entry--><\/div><\/div>\n<div id='av_section_2'  class='avia-section main_color avia-section-default avia-no-border-styling  avia-bg-style-scroll  avia-builder-el-10  el_after_av_masonry_entries  el_before_av_section   av-small-hide av-mini-hide container_wrap sidebar_right' style='background-repeat: no-repeat; background-image: url(https:\/\/www.subparke.es\/wp-content\/uploads\/2023\/07\/fondo_flow02.jpg);background-attachment: scroll; background-position: top left;  '  data-section-bg-repeat='no-repeat'><div class='container' ><div class='template-page content  av-content-small alpha units'><div class='post-entry post-entry-type-page post-entry-414'><div class='entry-content-wrapper clearfix'>\n\n\n<\/div><\/div><\/div><!-- close content main div --><\/div><\/div><div id='av_section_3'  class='avia-section main_color avia-section-default avia-no-border-styling  avia-full-stretch avia-bg-style-scroll  avia-builder-el-12  el_after_av_section  avia-builder-el-last   av-desktop-hide av-medium-hide container_wrap sidebar_right' style='background-repeat: no-repeat; background-image: url(https:\/\/www.subparke.es\/wp-content\/uploads\/2023\/07\/fondo_flow02.jpg);background-attachment: scroll; background-position: center center;  '  data-section-bg-repeat='stretch'><div class='container' ><div class='template-page content  av-content-small alpha units'><div class='post-entry post-entry-type-page post-entry-414'><div class='entry-content-wrapper clearfix'>\n\n<\/div><\/div><\/div><!-- close content main div --><\/div><\/div><div id='after_section_3'  class='main_color av_default_container_wrap container_wrap sidebar_right' style=' '  ><div class='container' ><div class='template-page content  av-content-small alpha units'><div class='post-entry post-entry-type-page post-entry-414'><div class='entry-content-wrapper clearfix'>\n","protected":false},"excerpt":{"rendered":"","protected":false},"author":2,"featured_media":0,"parent":0,"menu_order":0,"comment_status":"closed","ping_status":"closed","template":"","meta":{"_joinchat":[],"footnotes":""},"class_list":["post-414","page","type-page","status-publish","hentry"],"_links":{"self":[{"href":"https:\/\/www.subparke.es\/en\/wp-json\/wp\/v2\/pages\/414","targetHints":{"allow":["GET"]}}],"collection":[{"href":"https:\/\/www.subparke.es\/en\/wp-json\/wp\/v2\/pages"}],"about":[{"href":"https:\/\/www.subparke.es\/en\/wp-json\/wp\/v2\/types\/page"}],"author":[{"embeddable":true,"href":"https:\/\/www.subparke.es\/en\/wp-json\/wp\/v2\/users\/2"}],"replies":[{"embeddable":true,"href":"https:\/\/www.subparke.es\/en\/wp-json\/wp\/v2\/comments?post=414"}],"version-history":[{"count":15,"href":"https:\/\/www.subparke.es\/en\/wp-json\/wp\/v2\/pages\/414\/revisions"}],"predecessor-version":[{"id":7222,"href":"https:\/\/www.subparke.es\/en\/wp-json\/wp\/v2\/pages\/414\/revisions\/7222"}],"wp:attachment":[{"href":"https:\/\/www.subparke.es\/en\/wp-json\/wp\/v2\/media?parent=414"}],"curies":[{"name":"wp","href":"https:\/\/api.w.org\/{rel}","templated":true}]}}