{"id":673,"date":"2019-04-22T18:15:40","date_gmt":"2019-04-22T18:15:40","guid":{"rendered":"https:\/\/www.subparke.es\/?page_id=673"},"modified":"2021-09-09T17:01:44","modified_gmt":"2021-09-09T17:01:44","slug":"camping-los-escullos","status":"publish","type":"page","link":"https:\/\/www.subparke.es\/en\/camping-los-escullos\/","title":{"rendered":"Camping Los Escullos"},"content":{"rendered":"<div id='av_section_1'  class='avia-section main_color avia-section-default avia-no-border-styling  avia-bg-style-scroll  avia-builder-el-0  el_before_av_masonry_gallery  avia-builder-el-first   container_wrap sidebar_right' style=' '  ><div class='container' ><main  role=\"main\" itemprop=\"mainContentOfPage\"  class='template-page content  av-content-small alpha units'><div class='post-entry post-entry-type-page post-entry-673'><div class='entry-content-wrapper clearfix'>\n<div  style='padding-bottom:10px; ' class='av-special-heading av-special-heading-h3  blockquote modern-quote  avia-builder-el-1  el_before_av_hr  avia-builder-el-first'><h3 class='av-special-heading-tag'  itemprop=\"headline\"  >CAMPING LOS ESCULLOS<\/h3><div class='special-heading-border'><div class='special-heading-inner-border' ><\/div><\/div><\/div>\n<div   class='hr hr-default   avia-builder-el-2  el_after_av_heading  el_before_av_textblock'><span class='hr-inner' ><span class='hr-inner-style'><\/span><\/span><\/div>\n<section class=\"av_textblock_section\"  itemscope=\"itemscope\" itemtype=\"https:\/\/schema.org\/CreativeWork\" ><div class='avia_textblock'   itemprop=\"text\" ><p>El Camping Los Escullos Complejo Tur\u00edstico Cabo de Gata est\u00e1 situado en el Parque Natural Cabo de Gata, entre los pueblos de Rodalquilar y San Jos\u00e9, en Almer\u00eda.\u00a0 Se compone de Bungalows, Bengal\u00eds, Mobil-homes, la Casa Rural la Noria de Los Escullos y 208 parcelas con toma de corriente y agua (no potable). Disponemos adem\u00e1s de Restaurante, Cafeter\u00eda, Pizzer\u00eda, Bar de Tapas, Supermercado, Piscina, Gimnasio, Sauna, Jacuzzi, Sala de Cuidados Corporales y Masajes, Recepci\u00f3n 24h, Pistas Polideportivas, pista de Padel,Pista de Voley Playa y un Parque Biosaludable.<\/p>\n<\/div><\/section>\n<div id='av-masonry-1' class='av-masonry  noHover av-flex-size av-large-gap av-hover-overlay-active av-masonry-animation-active av-masonry-col-flexible av-caption-always av-caption-style- av-masonry-gallery'  ><div class='av-masonry-container isotope av-js-disabled' ><div class='av-masonry-entry isotope-item av-masonry-item-no-image'><\/div><a href=\"https:\/\/www.subparke.es\/wp-content\/uploads\/2019\/04\/Camping_01-1030x667.jpg\" data-srcset=\"https:\/\/www.subparke.es\/wp-content\/uploads\/2019\/04\/Camping_01-1030x667.jpg 1030w, https:\/\/www.subparke.es\/wp-content\/uploads\/2019\/04\/Camping_01-300x194.jpg 300w, https:\/\/www.subparke.es\/wp-content\/uploads\/2019\/04\/Camping_01-768x497.jpg 768w, https:\/\/www.subparke.es\/wp-content\/uploads\/2019\/04\/Camping_01-705x456.jpg 705w, https:\/\/www.subparke.es\/wp-content\/uploads\/2019\/04\/Camping_01-450x291.jpg 450w, https:\/\/www.subparke.es\/wp-content\/uploads\/2019\/04\/Camping_01.jpg 1200w\" data-sizes=\"(max-width: 1030px) 100vw, 1030px\"  aria-label=\"image Camping_01\"  id='av-masonry-1-item-677' data-av-masonry-item='677' class='av-masonry-entry isotope-item post-677 attachment type-attachment status-inherit hentry  av-masonry-item-with-image' title=\"Camping_01\" alt=\"\"   itemprop=\"thumbnailUrl\" ><div class='av-inner-masonry-sizer'><\/div><figure class='av-inner-masonry main_color'><div class=\"av-masonry-outerimage-container\"><div class=\"av-masonry-image-container\" ><img decoding=\"async\" width=\"705\" height=\"456\" class=\"wp-image-677 avia-img-lazy-loading-not-677\"  src=\"https:\/\/www.subparke.es\/wp-content\/uploads\/2019\/04\/Camping_01-705x456.jpg\" title=\"Camping_01\" alt=\"\" srcset=\"https:\/\/www.subparke.es\/wp-content\/uploads\/2019\/04\/Camping_01-705x456.jpg 705w, https:\/\/www.subparke.es\/wp-content\/uploads\/2019\/04\/Camping_01-300x194.jpg 300w, https:\/\/www.subparke.es\/wp-content\/uploads\/2019\/04\/Camping_01-768x497.jpg 768w, https:\/\/www.subparke.es\/wp-content\/uploads\/2019\/04\/Camping_01-1030x667.jpg 1030w, https:\/\/www.subparke.es\/wp-content\/uploads\/2019\/04\/Camping_01-450x291.jpg 450w, https:\/\/www.subparke.es\/wp-content\/uploads\/2019\/04\/Camping_01.jpg 1200w\" sizes=\"(max-width: 705px) 100vw, 705px\" \/><\/div><\/div><\/figure><\/a><!--end av-masonry entry--><a href=\"https:\/\/www.subparke.es\/wp-content\/uploads\/2019\/04\/Camping_02-1030x444.jpg\" data-srcset=\"https:\/\/www.subparke.es\/wp-content\/uploads\/2019\/04\/Camping_02-1030x444.jpg 1030w, https:\/\/www.subparke.es\/wp-content\/uploads\/2019\/04\/Camping_02-300x129.jpg 300w, https:\/\/www.subparke.es\/wp-content\/uploads\/2019\/04\/Camping_02-768x331.jpg 768w, https:\/\/www.subparke.es\/wp-content\/uploads\/2019\/04\/Camping_02-705x304.jpg 705w, https:\/\/www.subparke.es\/wp-content\/uploads\/2019\/04\/Camping_02-450x194.jpg 450w, https:\/\/www.subparke.es\/wp-content\/uploads\/2019\/04\/Camping_02.jpg 1160w\" data-sizes=\"(max-width: 1030px) 100vw, 1030px\"  aria-label=\"image Camping_02\"  id='av-masonry-1-item-678' data-av-masonry-item='678' class='av-masonry-entry isotope-item post-678 attachment type-attachment status-inherit hentry  av-masonry-item-with-image' title=\"Camping_02\" alt=\"\"   itemprop=\"thumbnailUrl\" ><div class='av-inner-masonry-sizer'><\/div><figure class='av-inner-masonry main_color'><div class=\"av-masonry-outerimage-container\"><div class=\"av-masonry-image-container\" ><img decoding=\"async\" width=\"705\" height=\"304\" class=\"wp-image-678 avia-img-lazy-loading-not-678\"  src=\"https:\/\/www.subparke.es\/wp-content\/uploads\/2019\/04\/Camping_02-705x304.jpg\" title=\"Camping_02\" alt=\"\" srcset=\"https:\/\/www.subparke.es\/wp-content\/uploads\/2019\/04\/Camping_02-705x304.jpg 705w, https:\/\/www.subparke.es\/wp-content\/uploads\/2019\/04\/Camping_02-300x129.jpg 300w, https:\/\/www.subparke.es\/wp-content\/uploads\/2019\/04\/Camping_02-768x331.jpg 768w, https:\/\/www.subparke.es\/wp-content\/uploads\/2019\/04\/Camping_02-1030x444.jpg 1030w, https:\/\/www.subparke.es\/wp-content\/uploads\/2019\/04\/Camping_02-450x194.jpg 450w, https:\/\/www.subparke.es\/wp-content\/uploads\/2019\/04\/Camping_02.jpg 1160w\" sizes=\"(max-width: 705px) 100vw, 705px\" \/><\/div><\/div><\/figure><\/a><!--end av-masonry entry--><a href=\"https:\/\/www.subparke.es\/wp-content\/uploads\/2019\/04\/Camping_03-1030x444.jpg\" data-srcset=\"https:\/\/www.subparke.es\/wp-content\/uploads\/2019\/04\/Camping_03-1030x444.jpg 1030w, https:\/\/www.subparke.es\/wp-content\/uploads\/2019\/04\/Camping_03-300x129.jpg 300w, https:\/\/www.subparke.es\/wp-content\/uploads\/2019\/04\/Camping_03-768x331.jpg 768w, https:\/\/www.subparke.es\/wp-content\/uploads\/2019\/04\/Camping_03-705x304.jpg 705w, https:\/\/www.subparke.es\/wp-content\/uploads\/2019\/04\/Camping_03-450x194.jpg 450w, https:\/\/www.subparke.es\/wp-content\/uploads\/2019\/04\/Camping_03.jpg 1160w\" data-sizes=\"(max-width: 1030px) 100vw, 1030px\"  aria-label=\"image Camping_03\"  id='av-masonry-1-item-679' data-av-masonry-item='679' class='av-masonry-entry isotope-item post-679 attachment type-attachment status-inherit hentry  av-masonry-item-with-image' title=\"Camping_03\" alt=\"\"   itemprop=\"thumbnailUrl\" ><div class='av-inner-masonry-sizer'><\/div><figure class='av-inner-masonry main_color'><div class=\"av-masonry-outerimage-container\"><div class=\"av-masonry-image-container\" ><img decoding=\"async\" width=\"705\" height=\"304\" class=\"wp-image-679 avia-img-lazy-loading-not-679\"  src=\"https:\/\/www.subparke.es\/wp-content\/uploads\/2019\/04\/Camping_03-705x304.jpg\" title=\"Camping_03\" alt=\"\" srcset=\"https:\/\/www.subparke.es\/wp-content\/uploads\/2019\/04\/Camping_03-705x304.jpg 705w, https:\/\/www.subparke.es\/wp-content\/uploads\/2019\/04\/Camping_03-300x129.jpg 300w, https:\/\/www.subparke.es\/wp-content\/uploads\/2019\/04\/Camping_03-768x331.jpg 768w, https:\/\/www.subparke.es\/wp-content\/uploads\/2019\/04\/Camping_03-1030x444.jpg 1030w, https:\/\/www.subparke.es\/wp-content\/uploads\/2019\/04\/Camping_03-450x194.jpg 450w, https:\/\/www.subparke.es\/wp-content\/uploads\/2019\/04\/Camping_03.jpg 1160w\" sizes=\"(max-width: 705px) 100vw, 705px\" \/><\/div><\/div><\/figure><\/a><!--end av-masonry entry--><a href=\"https:\/\/www.subparke.es\/wp-content\/uploads\/2019\/04\/Camping_04-1030x443.jpg\" data-srcset=\"https:\/\/www.subparke.es\/wp-content\/uploads\/2019\/04\/Camping_04-1030x443.jpg 1030w, https:\/\/www.subparke.es\/wp-content\/uploads\/2019\/04\/Camping_04-300x129.jpg 300w, https:\/\/www.subparke.es\/wp-content\/uploads\/2019\/04\/Camping_04-768x330.jpg 768w, https:\/\/www.subparke.es\/wp-content\/uploads\/2019\/04\/Camping_04-705x303.jpg 705w, https:\/\/www.subparke.es\/wp-content\/uploads\/2019\/04\/Camping_04-450x194.jpg 450w, https:\/\/www.subparke.es\/wp-content\/uploads\/2019\/04\/Camping_04.jpg 1162w\" data-sizes=\"(max-width: 1030px) 100vw, 1030px\"  aria-label=\"image Camping_04\"  id='av-masonry-1-item-680' data-av-masonry-item='680' class='av-masonry-entry isotope-item post-680 attachment type-attachment status-inherit hentry  av-masonry-item-with-image' title=\"Camping_04\" alt=\"\"   itemprop=\"thumbnailUrl\" ><div class='av-inner-masonry-sizer'><\/div><figure class='av-inner-masonry main_color'><div class=\"av-masonry-outerimage-container\"><div class=\"av-masonry-image-container\" ><img decoding=\"async\" width=\"705\" height=\"303\" class=\"wp-image-680 avia-img-lazy-loading-not-680\"  src=\"https:\/\/www.subparke.es\/wp-content\/uploads\/2019\/04\/Camping_04-705x303.jpg\" title=\"Camping_04\" alt=\"\" srcset=\"https:\/\/www.subparke.es\/wp-content\/uploads\/2019\/04\/Camping_04-705x303.jpg 705w, https:\/\/www.subparke.es\/wp-content\/uploads\/2019\/04\/Camping_04-300x129.jpg 300w, https:\/\/www.subparke.es\/wp-content\/uploads\/2019\/04\/Camping_04-768x330.jpg 768w, https:\/\/www.subparke.es\/wp-content\/uploads\/2019\/04\/Camping_04-1030x443.jpg 1030w, https:\/\/www.subparke.es\/wp-content\/uploads\/2019\/04\/Camping_04-450x194.jpg 450w, https:\/\/www.subparke.es\/wp-content\/uploads\/2019\/04\/Camping_04.jpg 1162w\" sizes=\"(max-width: 705px) 100vw, 705px\" \/><\/div><\/div><\/figure><\/a><!--end av-masonry entry--><a href=\"https:\/\/www.subparke.es\/wp-content\/uploads\/2019\/04\/Camping_05-1030x443.jpg\" data-srcset=\"https:\/\/www.subparke.es\/wp-content\/uploads\/2019\/04\/Camping_05-1030x443.jpg 1030w, https:\/\/www.subparke.es\/wp-content\/uploads\/2019\/04\/Camping_05-300x129.jpg 300w, https:\/\/www.subparke.es\/wp-content\/uploads\/2019\/04\/Camping_05-768x330.jpg 768w, https:\/\/www.subparke.es\/wp-content\/uploads\/2019\/04\/Camping_05-705x303.jpg 705w, https:\/\/www.subparke.es\/wp-content\/uploads\/2019\/04\/Camping_05-450x194.jpg 450w, https:\/\/www.subparke.es\/wp-content\/uploads\/2019\/04\/Camping_05.jpg 1162w\" data-sizes=\"(max-width: 1030px) 100vw, 1030px\"  aria-label=\"image Camping_05\"  id='av-masonry-1-item-681' data-av-masonry-item='681' class='av-masonry-entry isotope-item post-681 attachment type-attachment status-inherit hentry  av-masonry-item-with-image' title=\"Camping_05\" alt=\"\"   itemprop=\"thumbnailUrl\" ><div class='av-inner-masonry-sizer'><\/div><figure class='av-inner-masonry main_color'><div class=\"av-masonry-outerimage-container\"><div class=\"av-masonry-image-container\" ><img decoding=\"async\" width=\"705\" height=\"303\" class=\"wp-image-681 avia-img-lazy-loading-not-681\"  src=\"https:\/\/www.subparke.es\/wp-content\/uploads\/2019\/04\/Camping_05-705x303.jpg\" title=\"Camping_05\" alt=\"\" srcset=\"https:\/\/www.subparke.es\/wp-content\/uploads\/2019\/04\/Camping_05-705x303.jpg 705w, https:\/\/www.subparke.es\/wp-content\/uploads\/2019\/04\/Camping_05-300x129.jpg 300w, https:\/\/www.subparke.es\/wp-content\/uploads\/2019\/04\/Camping_05-768x330.jpg 768w, https:\/\/www.subparke.es\/wp-content\/uploads\/2019\/04\/Camping_05-1030x443.jpg 1030w, https:\/\/www.subparke.es\/wp-content\/uploads\/2019\/04\/Camping_05-450x194.jpg 450w, https:\/\/www.subparke.es\/wp-content\/uploads\/2019\/04\/Camping_05.jpg 1162w\" sizes=\"(max-width: 705px) 100vw, 705px\" \/><\/div><\/div><\/figure><\/a><!--end av-masonry entry--><a href=\"https:\/\/www.subparke.es\/wp-content\/uploads\/2019\/04\/Camping_06-1030x443.jpg\" data-srcset=\"https:\/\/www.subparke.es\/wp-content\/uploads\/2019\/04\/Camping_06-1030x443.jpg 1030w, https:\/\/www.subparke.es\/wp-content\/uploads\/2019\/04\/Camping_06-300x129.jpg 300w, https:\/\/www.subparke.es\/wp-content\/uploads\/2019\/04\/Camping_06-768x330.jpg 768w, https:\/\/www.subparke.es\/wp-content\/uploads\/2019\/04\/Camping_06-705x303.jpg 705w, https:\/\/www.subparke.es\/wp-content\/uploads\/2019\/04\/Camping_06-450x194.jpg 450w, https:\/\/www.subparke.es\/wp-content\/uploads\/2019\/04\/Camping_06.jpg 1162w\" data-sizes=\"(max-width: 1030px) 100vw, 1030px\"  aria-label=\"image Camping_06\"  id='av-masonry-1-item-682' data-av-masonry-item='682' class='av-masonry-entry isotope-item post-682 attachment type-attachment status-inherit hentry  av-masonry-item-with-image' title=\"Camping_06\" alt=\"\"   itemprop=\"thumbnailUrl\" ><div class='av-inner-masonry-sizer'><\/div><figure class='av-inner-masonry main_color'><div class=\"av-masonry-outerimage-container\"><div class=\"av-masonry-image-container\" ><img decoding=\"async\" width=\"705\" height=\"303\" class=\"wp-image-682 avia-img-lazy-loading-not-682\"  src=\"https:\/\/www.subparke.es\/wp-content\/uploads\/2019\/04\/Camping_06-705x303.jpg\" title=\"Camping_06\" alt=\"\" srcset=\"https:\/\/www.subparke.es\/wp-content\/uploads\/2019\/04\/Camping_06-705x303.jpg 705w, https:\/\/www.subparke.es\/wp-content\/uploads\/2019\/04\/Camping_06-300x129.jpg 300w, https:\/\/www.subparke.es\/wp-content\/uploads\/2019\/04\/Camping_06-768x330.jpg 768w, https:\/\/www.subparke.es\/wp-content\/uploads\/2019\/04\/Camping_06-1030x443.jpg 1030w, https:\/\/www.subparke.es\/wp-content\/uploads\/2019\/04\/Camping_06-450x194.jpg 450w, https:\/\/www.subparke.es\/wp-content\/uploads\/2019\/04\/Camping_06.jpg 1162w\" sizes=\"(max-width: 705px) 100vw, 705px\" \/><\/div><\/div><\/figure><\/a><!--end av-masonry entry--><a href=\"https:\/\/www.subparke.es\/wp-content\/uploads\/2019\/04\/Camping_07-1030x443.jpg\" data-srcset=\"https:\/\/www.subparke.es\/wp-content\/uploads\/2019\/04\/Camping_07-1030x443.jpg 1030w, https:\/\/www.subparke.es\/wp-content\/uploads\/2019\/04\/Camping_07-300x129.jpg 300w, https:\/\/www.subparke.es\/wp-content\/uploads\/2019\/04\/Camping_07-768x330.jpg 768w, https:\/\/www.subparke.es\/wp-content\/uploads\/2019\/04\/Camping_07-705x303.jpg 705w, https:\/\/www.subparke.es\/wp-content\/uploads\/2019\/04\/Camping_07-450x194.jpg 450w, https:\/\/www.subparke.es\/wp-content\/uploads\/2019\/04\/Camping_07.jpg 1162w\" data-sizes=\"(max-width: 1030px) 100vw, 1030px\"  aria-label=\"image Camping_07\"  id='av-masonry-1-item-683' data-av-masonry-item='683' class='av-masonry-entry isotope-item post-683 attachment type-attachment status-inherit hentry  av-masonry-item-with-image' title=\"Camping_07\" alt=\"\"   itemprop=\"thumbnailUrl\" ><div class='av-inner-masonry-sizer'><\/div><figure class='av-inner-masonry main_color'><div class=\"av-masonry-outerimage-container\"><div class=\"av-masonry-image-container\" ><img decoding=\"async\" width=\"705\" height=\"303\" class=\"wp-image-683 avia-img-lazy-loading-not-683\"  src=\"https:\/\/www.subparke.es\/wp-content\/uploads\/2019\/04\/Camping_07-705x303.jpg\" title=\"Camping_07\" alt=\"\" srcset=\"https:\/\/www.subparke.es\/wp-content\/uploads\/2019\/04\/Camping_07-705x303.jpg 705w, https:\/\/www.subparke.es\/wp-content\/uploads\/2019\/04\/Camping_07-300x129.jpg 300w, https:\/\/www.subparke.es\/wp-content\/uploads\/2019\/04\/Camping_07-768x330.jpg 768w, https:\/\/www.subparke.es\/wp-content\/uploads\/2019\/04\/Camping_07-1030x443.jpg 1030w, https:\/\/www.subparke.es\/wp-content\/uploads\/2019\/04\/Camping_07-450x194.jpg 450w, https:\/\/www.subparke.es\/wp-content\/uploads\/2019\/04\/Camping_07.jpg 1162w\" sizes=\"(max-width: 705px) 100vw, 705px\" \/><\/div><\/div><\/figure><\/a><!--end av-masonry entry--><a href=\"https:\/\/www.subparke.es\/wp-content\/uploads\/2019\/04\/Camping_08-1030x479.jpg\" data-srcset=\"https:\/\/www.subparke.es\/wp-content\/uploads\/2019\/04\/Camping_08-1030x479.jpg 1030w, https:\/\/www.subparke.es\/wp-content\/uploads\/2019\/04\/Camping_08-300x140.jpg 300w, https:\/\/www.subparke.es\/wp-content\/uploads\/2019\/04\/Camping_08-768x357.jpg 768w, https:\/\/www.subparke.es\/wp-content\/uploads\/2019\/04\/Camping_08-705x328.jpg 705w, https:\/\/www.subparke.es\/wp-content\/uploads\/2019\/04\/Camping_08-450x209.jpg 450w, https:\/\/www.subparke.es\/wp-content\/uploads\/2019\/04\/Camping_08.jpg 1200w\" data-sizes=\"(max-width: 1030px) 100vw, 1030px\"  aria-label=\"image Camping_08\"  id='av-masonry-1-item-684' data-av-masonry-item='684' class='av-masonry-entry isotope-item post-684 attachment type-attachment status-inherit hentry  av-masonry-item-with-image' title=\"Camping_08\" alt=\"\"   itemprop=\"thumbnailUrl\" ><div class='av-inner-masonry-sizer'><\/div><figure class='av-inner-masonry main_color'><div class=\"av-masonry-outerimage-container\"><div class=\"av-masonry-image-container\" ><img decoding=\"async\" width=\"705\" height=\"328\" class=\"wp-image-684 avia-img-lazy-loading-not-684\"  src=\"https:\/\/www.subparke.es\/wp-content\/uploads\/2019\/04\/Camping_08-705x328.jpg\" title=\"Camping_08\" alt=\"\" srcset=\"https:\/\/www.subparke.es\/wp-content\/uploads\/2019\/04\/Camping_08-705x328.jpg 705w, https:\/\/www.subparke.es\/wp-content\/uploads\/2019\/04\/Camping_08-300x140.jpg 300w, https:\/\/www.subparke.es\/wp-content\/uploads\/2019\/04\/Camping_08-768x357.jpg 768w, https:\/\/www.subparke.es\/wp-content\/uploads\/2019\/04\/Camping_08-1030x479.jpg 1030w, https:\/\/www.subparke.es\/wp-content\/uploads\/2019\/04\/Camping_08-450x209.jpg 450w, https:\/\/www.subparke.es\/wp-content\/uploads\/2019\/04\/Camping_08.jpg 1200w\" sizes=\"(max-width: 705px) 100vw, 705px\" \/><\/div><\/div><\/figure><\/a><!--end av-masonry entry--><a href=\"https:\/\/www.subparke.es\/wp-content\/uploads\/2019\/04\/Camping_09-1030x456.jpg\" data-srcset=\"https:\/\/www.subparke.es\/wp-content\/uploads\/2019\/04\/Camping_09-1030x456.jpg 1030w, https:\/\/www.subparke.es\/wp-content\/uploads\/2019\/04\/Camping_09-300x133.jpg 300w, https:\/\/www.subparke.es\/wp-content\/uploads\/2019\/04\/Camping_09-768x340.jpg 768w, https:\/\/www.subparke.es\/wp-content\/uploads\/2019\/04\/Camping_09-705x312.jpg 705w, https:\/\/www.subparke.es\/wp-content\/uploads\/2019\/04\/Camping_09-450x199.jpg 450w, https:\/\/www.subparke.es\/wp-content\/uploads\/2019\/04\/Camping_09.jpg 1200w\" data-sizes=\"(max-width: 1030px) 100vw, 1030px\"  aria-label=\"image Camping_09\"  id='av-masonry-1-item-685' data-av-masonry-item='685' class='av-masonry-entry isotope-item post-685 attachment type-attachment status-inherit hentry  av-masonry-item-with-image' title=\"Camping_09\" alt=\"\"   itemprop=\"thumbnailUrl\" ><div class='av-inner-masonry-sizer'><\/div><figure class='av-inner-masonry main_color'><div class=\"av-masonry-outerimage-container\"><div class=\"av-masonry-image-container\" ><img decoding=\"async\" width=\"705\" height=\"312\" class=\"wp-image-685 avia-img-lazy-loading-not-685\"  src=\"https:\/\/www.subparke.es\/wp-content\/uploads\/2019\/04\/Camping_09-705x312.jpg\" title=\"Camping_09\" alt=\"\" srcset=\"https:\/\/www.subparke.es\/wp-content\/uploads\/2019\/04\/Camping_09-705x312.jpg 705w, https:\/\/www.subparke.es\/wp-content\/uploads\/2019\/04\/Camping_09-300x133.jpg 300w, https:\/\/www.subparke.es\/wp-content\/uploads\/2019\/04\/Camping_09-768x340.jpg 768w, https:\/\/www.subparke.es\/wp-content\/uploads\/2019\/04\/Camping_09-1030x456.jpg 1030w, https:\/\/www.subparke.es\/wp-content\/uploads\/2019\/04\/Camping_09-450x199.jpg 450w, https:\/\/www.subparke.es\/wp-content\/uploads\/2019\/04\/Camping_09.jpg 1200w\" sizes=\"(max-width: 705px) 100vw, 705px\" \/><\/div><\/div><\/figure><\/a><!--end av-masonry entry--><a href=\"https:\/\/www.subparke.es\/wp-content\/uploads\/2019\/04\/Camping_10-1030x687.jpg\" data-srcset=\"https:\/\/www.subparke.es\/wp-content\/uploads\/2019\/04\/Camping_10-1030x687.jpg 1030w, https:\/\/www.subparke.es\/wp-content\/uploads\/2019\/04\/Camping_10-300x200.jpg 300w, https:\/\/www.subparke.es\/wp-content\/uploads\/2019\/04\/Camping_10-768x512.jpg 768w, https:\/\/www.subparke.es\/wp-content\/uploads\/2019\/04\/Camping_10-705x470.jpg 705w, https:\/\/www.subparke.es\/wp-content\/uploads\/2019\/04\/Camping_10-450x300.jpg 450w, https:\/\/www.subparke.es\/wp-content\/uploads\/2019\/04\/Camping_10.jpg 1200w\" data-sizes=\"(max-width: 1030px) 100vw, 1030px\"  aria-label=\"image Camping_10\"  id='av-masonry-1-item-686' data-av-masonry-item='686' class='av-masonry-entry isotope-item post-686 attachment type-attachment status-inherit hentry  av-masonry-item-with-image' title=\"Camping_10\" alt=\"\"   itemprop=\"thumbnailUrl\" ><div class='av-inner-masonry-sizer'><\/div><figure class='av-inner-masonry main_color'><div class=\"av-masonry-outerimage-container\"><div class=\"av-masonry-image-container\" ><img decoding=\"async\" width=\"705\" height=\"470\" class=\"wp-image-686 avia-img-lazy-loading-not-686\"  src=\"https:\/\/www.subparke.es\/wp-content\/uploads\/2019\/04\/Camping_10-705x470.jpg\" title=\"Camping_10\" alt=\"\" srcset=\"https:\/\/www.subparke.es\/wp-content\/uploads\/2019\/04\/Camping_10-705x470.jpg 705w, https:\/\/www.subparke.es\/wp-content\/uploads\/2019\/04\/Camping_10-300x200.jpg 300w, https:\/\/www.subparke.es\/wp-content\/uploads\/2019\/04\/Camping_10-768x512.jpg 768w, https:\/\/www.subparke.es\/wp-content\/uploads\/2019\/04\/Camping_10-1030x687.jpg 1030w, https:\/\/www.subparke.es\/wp-content\/uploads\/2019\/04\/Camping_10-450x300.jpg 450w, https:\/\/www.subparke.es\/wp-content\/uploads\/2019\/04\/Camping_10.jpg 1200w\" sizes=\"(max-width: 705px) 100vw, 705px\" \/><\/div><\/div><\/figure><\/a><!--end av-masonry entry--><a href=\"https:\/\/www.subparke.es\/wp-content\/uploads\/2019\/04\/Camping_11-1030x443.jpg\" data-srcset=\"https:\/\/www.subparke.es\/wp-content\/uploads\/2019\/04\/Camping_11-1030x443.jpg 1030w, https:\/\/www.subparke.es\/wp-content\/uploads\/2019\/04\/Camping_11-300x129.jpg 300w, https:\/\/www.subparke.es\/wp-content\/uploads\/2019\/04\/Camping_11-768x330.jpg 768w, https:\/\/www.subparke.es\/wp-content\/uploads\/2019\/04\/Camping_11-705x303.jpg 705w, https:\/\/www.subparke.es\/wp-content\/uploads\/2019\/04\/Camping_11-450x194.jpg 450w, https:\/\/www.subparke.es\/wp-content\/uploads\/2019\/04\/Camping_11.jpg 1162w\" data-sizes=\"(max-width: 1030px) 100vw, 1030px\"  aria-label=\"image Camping_11\"  id='av-masonry-1-item-687' data-av-masonry-item='687' class='av-masonry-entry isotope-item post-687 attachment type-attachment status-inherit hentry  av-masonry-item-with-image' title=\"Camping_11\" alt=\"\"   itemprop=\"thumbnailUrl\" ><div class='av-inner-masonry-sizer'><\/div><figure class='av-inner-masonry main_color'><div class=\"av-masonry-outerimage-container\"><div class=\"av-masonry-image-container\" ><img decoding=\"async\" width=\"705\" height=\"303\" class=\"wp-image-687 avia-img-lazy-loading-not-687\"  src=\"https:\/\/www.subparke.es\/wp-content\/uploads\/2019\/04\/Camping_11-705x303.jpg\" title=\"Camping_11\" alt=\"\" srcset=\"https:\/\/www.subparke.es\/wp-content\/uploads\/2019\/04\/Camping_11-705x303.jpg 705w, https:\/\/www.subparke.es\/wp-content\/uploads\/2019\/04\/Camping_11-300x129.jpg 300w, https:\/\/www.subparke.es\/wp-content\/uploads\/2019\/04\/Camping_11-768x330.jpg 768w, https:\/\/www.subparke.es\/wp-content\/uploads\/2019\/04\/Camping_11-1030x443.jpg 1030w, https:\/\/www.subparke.es\/wp-content\/uploads\/2019\/04\/Camping_11-450x194.jpg 450w, https:\/\/www.subparke.es\/wp-content\/uploads\/2019\/04\/Camping_11.jpg 1162w\" sizes=\"(max-width: 705px) 100vw, 705px\" \/><\/div><\/div><\/figure><\/a><!--end av-masonry entry--><\/div><\/div><\/p>\n<div id='av_section_2'  class='avia-section main_color avia-section-default avia-no-border-styling  avia-bg-style-scroll  avia-builder-el-5  el_after_av_masonry_gallery  avia-builder-el-last   container_wrap sidebar_right' style=' '  ><div class='container' ><div class='template-page content  av-content-small alpha units'><div class='post-entry post-entry-type-page post-entry-673'><div class='entry-content-wrapper clearfix'>\n<div  class='avia-button-wrap avia-button-center  avia-builder-el-6  avia-builder-el-no-sibling' ><a href='https:\/\/www.losesculloscabodegata.com\/' class='avia-button avia-button-fullwidth   avia-icon_select-no avia-color-theme-color' target=\"_blank\" rel=\"noopener noreferrer\" style='color:#ffffff; '><span class='avia_iconbox_title' >Visita su web<\/span><div class='av-button-description av-button-description-below'><p>Para m\u00e1s informaci\u00f3n pulsa este bot\u00f3n<\/p>\n<\/div><span class='avia_button_background avia-button avia-button-fullwidth avia-color-theme-color' ><\/span><\/a><\/div>\n<\/div><\/div><\/main><!-- close content main element --><\/div><\/div><div id='after_section_2'  class='main_color av_default_container_wrap container_wrap sidebar_right' style=' '  ><div class='container' ><div class='template-page content  av-content-small alpha units'><div class='post-entry post-entry-type-page post-entry-673'><div class='entry-content-wrapper clearfix'>","protected":false},"excerpt":{"rendered":"","protected":false},"author":2,"featured_media":0,"parent":0,"menu_order":0,"comment_status":"closed","ping_status":"closed","template":"","meta":{"_joinchat":[],"footnotes":""},"class_list":["post-673","page","type-page","status-publish","hentry"],"_links":{"self":[{"href":"https:\/\/www.subparke.es\/en\/wp-json\/wp\/v2\/pages\/673","targetHints":{"allow":["GET"]}}],"collection":[{"href":"https:\/\/www.subparke.es\/en\/wp-json\/wp\/v2\/pages"}],"about":[{"href":"https:\/\/www.subparke.es\/en\/wp-json\/wp\/v2\/types\/page"}],"author":[{"embeddable":true,"href":"https:\/\/www.subparke.es\/en\/wp-json\/wp\/v2\/users\/2"}],"replies":[{"embeddable":true,"href":"https:\/\/www.subparke.es\/en\/wp-json\/wp\/v2\/comments?post=673"}],"version-history":[{"count":9,"href":"https:\/\/www.subparke.es\/en\/wp-json\/wp\/v2\/pages\/673\/revisions"}],"predecessor-version":[{"id":1524,"href":"https:\/\/www.subparke.es\/en\/wp-json\/wp\/v2\/pages\/673\/revisions\/1524"}],"wp:attachment":[{"href":"https:\/\/www.subparke.es\/en\/wp-json\/wp\/v2\/media?parent=673"}],"curies":[{"name":"wp","href":"https:\/\/api.w.org\/{rel}","templated":true}]}}